{"id":428,"date":"2023-05-13T22:29:23","date_gmt":"2023-05-13T22:29:23","guid":{"rendered":"https:\/\/solucionsolar.cl\/solar\/producto\/contactor-cjx2-d1810m7-18a-1no-lexo\/"},"modified":"2023-05-13T22:29:23","modified_gmt":"2023-05-13T22:29:23","slug":"contactor-cjx2-d1810m7-18a-1no-lexo","status":"publish","type":"product","link":"https:\/\/solucionsolar.cl\/solar\/producto\/contactor-cjx2-d1810m7-18a-1no-lexo\/","title":{"rendered":"Contactor CJX2 D1810M7 18A 1NO LEXO"},"content":{"rendered":"<p>Es un dispositivo el\u00e9ctrico utilizado en aplicaciones de control de motores el\u00e9ctricos y en otros sistemas de control de potencia. Est\u00e1 dise\u00f1ado para controlar la conexi\u00f3n y desconexi\u00f3n de circuitos el\u00e9ctricos de alta potencia, como motores, calefactores, iluminaci\u00f3n, entre otros.<\/p>\n","protected":false},"excerpt":{"rendered":"<p>Es un dispositivo el\u00e9ctrico utilizado en aplicaciones de control de motores el\u00e9ctricos y en otros sistemas de control de potencia. Est\u00e1 dise\u00f1ado para controlar la conexi\u00f3n y desconexi\u00f3n de circuitos el\u00e9ctricos de alta potencia, como motores, calefactores, iluminaci\u00f3n, entre otros.<\/p>\n","protected":false},"featured_media":427,"comment_status":"open","ping_status":"closed","template":"","meta":{"_joinchat":[]},"product_brand":[],"product_cat":[16],"product_tag":[],"class_list":{"0":"post-428","1":"product","2":"type-product","3":"status-publish","4":"has-post-thumbnail","6":"product_cat-electricidad","8":"first","9":"instock","10":"shipping-taxable","11":"purchasable","12":"product-type-simple"},"ams_default_variation_id":0,"ams_product_points_reward":[],"ams_product_discount_percentage":0,"ams_price_to_display":8800,"ams_acf":[],"jetpack_sharing_enabled":true,"_links":{"self":[{"href":"https:\/\/solucionsolar.cl\/solar\/wp-json\/wp\/v2\/product\/428","targetHints":{"allow":["GET"]}}],"collection":[{"href":"https:\/\/solucionsolar.cl\/solar\/wp-json\/wp\/v2\/product"}],"about":[{"href":"https:\/\/solucionsolar.cl\/solar\/wp-json\/wp\/v2\/types\/product"}],"replies":[{"embeddable":true,"href":"https:\/\/solucionsolar.cl\/solar\/wp-json\/wp\/v2\/comments?post=428"}],"wp:featuredmedia":[{"embeddable":true,"href":"https:\/\/solucionsolar.cl\/solar\/wp-json\/wp\/v2\/media\/427"}],"wp:attachment":[{"href":"https:\/\/solucionsolar.cl\/solar\/wp-json\/wp\/v2\/media?parent=428"}],"wp:term":[{"taxonomy":"product_brand","embeddable":true,"href":"https:\/\/solucionsolar.cl\/solar\/wp-json\/wp\/v2\/product_brand?post=428"},{"taxonomy":"product_cat","embeddable":true,"href":"https:\/\/solucionsolar.cl\/solar\/wp-json\/wp\/v2\/product_cat?post=428"},{"taxonomy":"product_tag","embeddable":true,"href":"https:\/\/solucionsolar.cl\/solar\/wp-json\/wp\/v2\/product_tag?post=428"}],"curies":[{"name":"wp","href":"https:\/\/api.w.org\/{rel}","templated":true}]}}