{"id":434,"date":"2023-05-13T22:29:27","date_gmt":"2023-05-13T22:29:27","guid":{"rendered":"https:\/\/solucionsolar.cl\/solar\/producto\/contactor-cjx2-d2510m7-25a-1no-lexo\/"},"modified":"2023-05-13T22:29:27","modified_gmt":"2023-05-13T22:29:27","slug":"contactor-cjx2-d2510m7-25a-1no-lexo","status":"publish","type":"product","link":"https:\/\/solucionsolar.cl\/solar\/producto\/contactor-cjx2-d2510m7-25a-1no-lexo\/","title":{"rendered":"Contactor CJX2 D2510M7 25A 1NO LEXO"},"content":{"rendered":"<p>es un dispositivo el\u00e9ctrico que se utiliza para controlar el flujo de corriente el\u00e9ctrica en circuitos de alta potencia.<\/p>\n<p>El t\u00e9rmino \u00ab25A\u00bb se refiere a la corriente nominal que puede soportar el contactor, es decir, la corriente que puede manejar de forma continua sin sobrecalentarse o sufrir da\u00f1os.<\/p>\n","protected":false},"excerpt":{"rendered":"<p>es un dispositivo el\u00e9ctrico que se utiliza para controlar el flujo de corriente el\u00e9ctrica en circuitos de alta potencia. El t\u00e9rmino \u00ab25A\u00bb se refiere a la corriente nominal que puede soportar el contactor, es decir, la corriente que puede manejar de forma continua sin sobrecalentarse o sufrir da\u00f1os.<\/p>\n","protected":false},"featured_media":433,"comment_status":"open","ping_status":"closed","template":"","meta":{"_joinchat":[]},"product_brand":[],"product_cat":[16],"product_tag":[],"class_list":{"0":"post-434","1":"product","2":"type-product","3":"status-publish","4":"has-post-thumbnail","6":"product_cat-electricidad","8":"first","9":"instock","10":"shipping-taxable","11":"purchasable","12":"product-type-simple"},"ams_default_variation_id":0,"ams_product_points_reward":[],"ams_product_discount_percentage":0,"ams_price_to_display":12500,"ams_acf":[],"jetpack_sharing_enabled":true,"_links":{"self":[{"href":"https:\/\/solucionsolar.cl\/solar\/wp-json\/wp\/v2\/product\/434","targetHints":{"allow":["GET"]}}],"collection":[{"href":"https:\/\/solucionsolar.cl\/solar\/wp-json\/wp\/v2\/product"}],"about":[{"href":"https:\/\/solucionsolar.cl\/solar\/wp-json\/wp\/v2\/types\/product"}],"replies":[{"embeddable":true,"href":"https:\/\/solucionsolar.cl\/solar\/wp-json\/wp\/v2\/comments?post=434"}],"wp:featuredmedia":[{"embeddable":true,"href":"https:\/\/solucionsolar.cl\/solar\/wp-json\/wp\/v2\/media\/433"}],"wp:attachment":[{"href":"https:\/\/solucionsolar.cl\/solar\/wp-json\/wp\/v2\/media?parent=434"}],"wp:term":[{"taxonomy":"product_brand","embeddable":true,"href":"https:\/\/solucionsolar.cl\/solar\/wp-json\/wp\/v2\/product_brand?post=434"},{"taxonomy":"product_cat","embeddable":true,"href":"https:\/\/solucionsolar.cl\/solar\/wp-json\/wp\/v2\/product_cat?post=434"},{"taxonomy":"product_tag","embeddable":true,"href":"https:\/\/solucionsolar.cl\/solar\/wp-json\/wp\/v2\/product_tag?post=434"}],"curies":[{"name":"wp","href":"https:\/\/api.w.org\/{rel}","templated":true}]}}