{"id":436,"date":"2023-05-13T22:29:29","date_gmt":"2023-05-13T22:29:29","guid":{"rendered":"https:\/\/solucionsolar.cl\/solar\/producto\/modulo-interruptor-conmutador-9-24-10a-blanco-lexo\/"},"modified":"2023-05-13T22:29:29","modified_gmt":"2023-05-13T22:29:29","slug":"modulo-interruptor-conmutador-9-24-10a-blanco-lexo","status":"publish","type":"product","link":"https:\/\/solucionsolar.cl\/solar\/producto\/modulo-interruptor-conmutador-9-24-10a-blanco-lexo\/","title":{"rendered":"M\u00f3dulo interruptor conmutador 9\/24 10A Blanco LEXO"},"content":{"rendered":"<p>Es un dispositivo el\u00e9ctrico que se utiliza para controlar el flujo de corriente el\u00e9ctrica en circuitos de baja potencia.<\/p>\n<p>El t\u00e9rmino \u00ab9\/24\u00bb se refiere a la tensi\u00f3n de control del m\u00f3dulo, que puede ser de 9 voltios o 24 voltios, dependiendo de la configuraci\u00f3n del dispositivo.<\/p>\n","protected":false},"excerpt":{"rendered":"<p>Es un dispositivo el\u00e9ctrico que se utiliza para controlar el flujo de corriente el\u00e9ctrica en circuitos de baja potencia. El t\u00e9rmino \u00ab9\/24\u00bb se refiere a la tensi\u00f3n de control del m\u00f3dulo, que puede ser de 9 voltios o 24 voltios, dependiendo de la configuraci\u00f3n del dispositivo.<\/p>\n","protected":false},"featured_media":435,"comment_status":"open","ping_status":"closed","template":"","meta":{"_joinchat":[]},"product_brand":[],"product_cat":[16],"product_tag":[],"class_list":{"0":"post-436","1":"product","2":"type-product","3":"status-publish","4":"has-post-thumbnail","6":"product_cat-electricidad","8":"first","9":"instock","10":"shipping-taxable","11":"purchasable","12":"product-type-simple"},"ams_default_variation_id":0,"ams_product_points_reward":[],"ams_product_discount_percentage":0,"ams_price_to_display":1100,"ams_acf":[],"jetpack_sharing_enabled":true,"_links":{"self":[{"href":"https:\/\/solucionsolar.cl\/solar\/wp-json\/wp\/v2\/product\/436","targetHints":{"allow":["GET"]}}],"collection":[{"href":"https:\/\/solucionsolar.cl\/solar\/wp-json\/wp\/v2\/product"}],"about":[{"href":"https:\/\/solucionsolar.cl\/solar\/wp-json\/wp\/v2\/types\/product"}],"replies":[{"embeddable":true,"href":"https:\/\/solucionsolar.cl\/solar\/wp-json\/wp\/v2\/comments?post=436"}],"wp:featuredmedia":[{"embeddable":true,"href":"https:\/\/solucionsolar.cl\/solar\/wp-json\/wp\/v2\/media\/435"}],"wp:attachment":[{"href":"https:\/\/solucionsolar.cl\/solar\/wp-json\/wp\/v2\/media?parent=436"}],"wp:term":[{"taxonomy":"product_brand","embeddable":true,"href":"https:\/\/solucionsolar.cl\/solar\/wp-json\/wp\/v2\/product_brand?post=436"},{"taxonomy":"product_cat","embeddable":true,"href":"https:\/\/solucionsolar.cl\/solar\/wp-json\/wp\/v2\/product_cat?post=436"},{"taxonomy":"product_tag","embeddable":true,"href":"https:\/\/solucionsolar.cl\/solar\/wp-json\/wp\/v2\/product_tag?post=436"}],"curies":[{"name":"wp","href":"https:\/\/api.w.org\/{rel}","templated":true}]}}