{"id":444,"date":"2023-05-13T22:29:38","date_gmt":"2023-05-13T22:29:38","guid":{"rendered":"https:\/\/solucionsolar.cl\/solar\/producto\/terminal-horquilla-14-16awg-43mm-azul-50-un-lex0\/"},"modified":"2023-05-13T22:29:38","modified_gmt":"2023-05-13T22:29:38","slug":"terminal-horquilla-14-16awg-43mm-azul-50-un-lex0","status":"publish","type":"product","link":"https:\/\/solucionsolar.cl\/solar\/producto\/terminal-horquilla-14-16awg-43mm-azul-50-un-lex0\/","title":{"rendered":"Terminal Horquilla 14-16AWG (4,3mm) Azul 50 un LEX0"},"content":{"rendered":"<p>Es un conector el\u00e9ctrico que se utiliza para conectar cables el\u00e9ctricos a bornes o terminales de otros dispositivos el\u00e9ctricos, como interruptores, enchufes, rel\u00e9s, entre otros.<\/p>\n<p>El t\u00e9rmino \u00ab14-16 AWG\u00bb se refiere al tama\u00f1o del cable el\u00e9ctrico que se puede conectar al terminal. En este caso, el terminal puede aceptar cables el\u00e9ctricos con un calibre entre 14 y 16 AWG, lo que se traduce en un di\u00e1metro del conductor de alrededor de 1,6 a 1,3 mm.<\/p>\n","protected":false},"excerpt":{"rendered":"<p>Es un conector el\u00e9ctrico que se utiliza para conectar cables el\u00e9ctricos a bornes o terminales de otros dispositivos el\u00e9ctricos, como interruptores, enchufes, rel\u00e9s, entre otros. El t\u00e9rmino \u00ab14-16 AWG\u00bb se refiere al tama\u00f1o del cable el\u00e9ctrico que se puede conectar al terminal. En este caso, el terminal puede aceptar cables el\u00e9ctricos con un calibre entre 14 y 16 AWG, lo [&hellip;]<\/p>\n","protected":false},"featured_media":443,"comment_status":"open","ping_status":"closed","template":"","meta":{"_joinchat":[]},"product_brand":[],"product_cat":[16],"product_tag":[],"class_list":{"0":"post-444","1":"product","2":"type-product","3":"status-publish","4":"has-post-thumbnail","6":"product_cat-electricidad","8":"first","9":"instock","10":"shipping-taxable","11":"purchasable","12":"product-type-simple"},"ams_default_variation_id":0,"ams_product_points_reward":[],"ams_product_discount_percentage":0,"ams_price_to_display":2500,"ams_acf":[],"jetpack_sharing_enabled":true,"_links":{"self":[{"href":"https:\/\/solucionsolar.cl\/solar\/wp-json\/wp\/v2\/product\/444","targetHints":{"allow":["GET"]}}],"collection":[{"href":"https:\/\/solucionsolar.cl\/solar\/wp-json\/wp\/v2\/product"}],"about":[{"href":"https:\/\/solucionsolar.cl\/solar\/wp-json\/wp\/v2\/types\/product"}],"replies":[{"embeddable":true,"href":"https:\/\/solucionsolar.cl\/solar\/wp-json\/wp\/v2\/comments?post=444"}],"wp:featuredmedia":[{"embeddable":true,"href":"https:\/\/solucionsolar.cl\/solar\/wp-json\/wp\/v2\/media\/443"}],"wp:attachment":[{"href":"https:\/\/solucionsolar.cl\/solar\/wp-json\/wp\/v2\/media?parent=444"}],"wp:term":[{"taxonomy":"product_brand","embeddable":true,"href":"https:\/\/solucionsolar.cl\/solar\/wp-json\/wp\/v2\/product_brand?post=444"},{"taxonomy":"product_cat","embeddable":true,"href":"https:\/\/solucionsolar.cl\/solar\/wp-json\/wp\/v2\/product_cat?post=444"},{"taxonomy":"product_tag","embeddable":true,"href":"https:\/\/solucionsolar.cl\/solar\/wp-json\/wp\/v2\/product_tag?post=444"}],"curies":[{"name":"wp","href":"https:\/\/api.w.org\/{rel}","templated":true}]}}