{"id":446,"date":"2023-05-13T22:29:41","date_gmt":"2023-05-13T22:29:41","guid":{"rendered":"https:\/\/solucionsolar.cl\/solar\/producto\/rele-termico-2-5-4a-lexo\/"},"modified":"2023-05-13T22:29:41","modified_gmt":"2023-05-13T22:29:41","slug":"rele-termico-2-5-4a-lexo","status":"publish","type":"product","link":"https:\/\/solucionsolar.cl\/solar\/producto\/rele-termico-2-5-4a-lexo\/","title":{"rendered":"Rel\u00e9 t\u00e9rmico 2.5-4A LEXO"},"content":{"rendered":"<p>Es un dispositivo de protecci\u00f3n t\u00e9rmica que se utiliza en los circuitos el\u00e9ctricos para proteger los motores el\u00e9ctricos de sobrecargas y sobrecalentamientos.<\/p>\n","protected":false},"excerpt":{"rendered":"<p>Es un dispositivo de protecci\u00f3n t\u00e9rmica que se utiliza en los circuitos el\u00e9ctricos para proteger los motores el\u00e9ctricos de sobrecargas y sobrecalentamientos.<\/p>\n","protected":false},"featured_media":445,"comment_status":"open","ping_status":"closed","template":"","meta":{"_joinchat":[]},"product_brand":[],"product_cat":[16],"product_tag":[],"class_list":{"0":"post-446","1":"product","2":"type-product","3":"status-publish","4":"has-post-thumbnail","6":"product_cat-electricidad","8":"first","9":"instock","10":"shipping-taxable","11":"purchasable","12":"product-type-simple"},"ams_default_variation_id":0,"ams_product_points_reward":[],"ams_product_discount_percentage":0,"ams_price_to_display":7900,"ams_acf":[],"jetpack_sharing_enabled":true,"_links":{"self":[{"href":"https:\/\/solucionsolar.cl\/solar\/wp-json\/wp\/v2\/product\/446","targetHints":{"allow":["GET"]}}],"collection":[{"href":"https:\/\/solucionsolar.cl\/solar\/wp-json\/wp\/v2\/product"}],"about":[{"href":"https:\/\/solucionsolar.cl\/solar\/wp-json\/wp\/v2\/types\/product"}],"replies":[{"embeddable":true,"href":"https:\/\/solucionsolar.cl\/solar\/wp-json\/wp\/v2\/comments?post=446"}],"wp:featuredmedia":[{"embeddable":true,"href":"https:\/\/solucionsolar.cl\/solar\/wp-json\/wp\/v2\/media\/445"}],"wp:attachment":[{"href":"https:\/\/solucionsolar.cl\/solar\/wp-json\/wp\/v2\/media?parent=446"}],"wp:term":[{"taxonomy":"product_brand","embeddable":true,"href":"https:\/\/solucionsolar.cl\/solar\/wp-json\/wp\/v2\/product_brand?post=446"},{"taxonomy":"product_cat","embeddable":true,"href":"https:\/\/solucionsolar.cl\/solar\/wp-json\/wp\/v2\/product_cat?post=446"},{"taxonomy":"product_tag","embeddable":true,"href":"https:\/\/solucionsolar.cl\/solar\/wp-json\/wp\/v2\/product_tag?post=446"}],"curies":[{"name":"wp","href":"https:\/\/api.w.org\/{rel}","templated":true}]}}