{"id":452,"date":"2023-05-13T22:29:48","date_gmt":"2023-05-13T22:29:48","guid":{"rendered":"https:\/\/solucionsolar.cl\/solar\/producto\/pulsador-plano-1nc-rojo-lexo\/"},"modified":"2023-05-13T22:29:48","modified_gmt":"2023-05-13T22:29:48","slug":"pulsador-plano-1nc-rojo-lexo","status":"publish","type":"product","link":"https:\/\/solucionsolar.cl\/solar\/producto\/pulsador-plano-1nc-rojo-lexo\/","title":{"rendered":"Pulsador plano 1NC Rojo LEXO"},"content":{"rendered":"<p>Es un tipo de interruptor el\u00e9ctrico que se utiliza para activar o desactivar un circuito el\u00e9ctrico mediante la presi\u00f3n manual de un bot\u00f3n. El t\u00e9rmino \u00abpulsador plano\u00bb se refiere a la forma plana del bot\u00f3n del interruptor, que se encuentra en la superficie del dispositivo.<\/p>\n","protected":false},"excerpt":{"rendered":"<p>Es un tipo de interruptor el\u00e9ctrico que se utiliza para activar o desactivar un circuito el\u00e9ctrico mediante la presi\u00f3n manual de un bot\u00f3n. El t\u00e9rmino \u00abpulsador plano\u00bb se refiere a la forma plana del bot\u00f3n del interruptor, que se encuentra en la superficie del dispositivo.<\/p>\n","protected":false},"featured_media":451,"comment_status":"open","ping_status":"closed","template":"","meta":{"_joinchat":[]},"product_brand":[],"product_cat":[16],"product_tag":[],"class_list":{"0":"post-452","1":"product","2":"type-product","3":"status-publish","4":"has-post-thumbnail","6":"product_cat-electricidad","8":"first","9":"instock","10":"shipping-taxable","11":"purchasable","12":"product-type-simple"},"ams_default_variation_id":0,"ams_product_points_reward":[],"ams_product_discount_percentage":0,"ams_price_to_display":1500,"ams_acf":[],"jetpack_sharing_enabled":true,"_links":{"self":[{"href":"https:\/\/solucionsolar.cl\/solar\/wp-json\/wp\/v2\/product\/452","targetHints":{"allow":["GET"]}}],"collection":[{"href":"https:\/\/solucionsolar.cl\/solar\/wp-json\/wp\/v2\/product"}],"about":[{"href":"https:\/\/solucionsolar.cl\/solar\/wp-json\/wp\/v2\/types\/product"}],"replies":[{"embeddable":true,"href":"https:\/\/solucionsolar.cl\/solar\/wp-json\/wp\/v2\/comments?post=452"}],"wp:featuredmedia":[{"embeddable":true,"href":"https:\/\/solucionsolar.cl\/solar\/wp-json\/wp\/v2\/media\/451"}],"wp:attachment":[{"href":"https:\/\/solucionsolar.cl\/solar\/wp-json\/wp\/v2\/media?parent=452"}],"wp:term":[{"taxonomy":"product_brand","embeddable":true,"href":"https:\/\/solucionsolar.cl\/solar\/wp-json\/wp\/v2\/product_brand?post=452"},{"taxonomy":"product_cat","embeddable":true,"href":"https:\/\/solucionsolar.cl\/solar\/wp-json\/wp\/v2\/product_cat?post=452"},{"taxonomy":"product_tag","embeddable":true,"href":"https:\/\/solucionsolar.cl\/solar\/wp-json\/wp\/v2\/product_tag?post=452"}],"curies":[{"name":"wp","href":"https:\/\/api.w.org\/{rel}","templated":true}]}}