{"id":458,"date":"2023-05-13T22:29:56","date_gmt":"2023-05-13T22:29:56","guid":{"rendered":"https:\/\/solucionsolar.cl\/solar\/producto\/soporte-3-modulos-con-tornillos-lexo\/"},"modified":"2023-05-13T22:29:56","modified_gmt":"2023-05-13T22:29:56","slug":"soporte-3-modulos-con-tornillos-lexo","status":"publish","type":"product","link":"https:\/\/solucionsolar.cl\/solar\/producto\/soporte-3-modulos-con-tornillos-lexo\/","title":{"rendered":"Soporte 3 m\u00f3dulos con tornillos LEXO"},"content":{"rendered":"<p>Es un elemento de la instalaci\u00f3n el\u00e9ctrica que se utiliza para alojar y sujetar varios componentes el\u00e9ctricos en una misma estructura. El t\u00e9rmino \u00ab3 m\u00f3dulos\u00bb se refiere al tama\u00f1o del soporte, que tiene una longitud suficiente para albergar tres componentes el\u00e9ctricos de una sola unidad de ancho seg\u00fan la normativa el\u00e9ctrica.<\/p>\n","protected":false},"excerpt":{"rendered":"<p>Es un elemento de la instalaci\u00f3n el\u00e9ctrica que se utiliza para alojar y sujetar varios componentes el\u00e9ctricos en una misma estructura. El t\u00e9rmino \u00ab3 m\u00f3dulos\u00bb se refiere al tama\u00f1o del soporte, que tiene una longitud suficiente para albergar tres componentes el\u00e9ctricos de una sola unidad de ancho seg\u00fan la normativa el\u00e9ctrica.<\/p>\n","protected":false},"featured_media":457,"comment_status":"open","ping_status":"closed","template":"","meta":{"_joinchat":[]},"product_brand":[],"product_cat":[16],"product_tag":[],"class_list":{"0":"post-458","1":"product","2":"type-product","3":"status-publish","4":"has-post-thumbnail","6":"product_cat-electricidad","8":"first","9":"instock","10":"shipping-taxable","11":"purchasable","12":"product-type-simple"},"ams_default_variation_id":0,"ams_product_points_reward":[],"ams_product_discount_percentage":0,"ams_price_to_display":300,"ams_acf":[],"jetpack_sharing_enabled":true,"_links":{"self":[{"href":"https:\/\/solucionsolar.cl\/solar\/wp-json\/wp\/v2\/product\/458","targetHints":{"allow":["GET"]}}],"collection":[{"href":"https:\/\/solucionsolar.cl\/solar\/wp-json\/wp\/v2\/product"}],"about":[{"href":"https:\/\/solucionsolar.cl\/solar\/wp-json\/wp\/v2\/types\/product"}],"replies":[{"embeddable":true,"href":"https:\/\/solucionsolar.cl\/solar\/wp-json\/wp\/v2\/comments?post=458"}],"wp:featuredmedia":[{"embeddable":true,"href":"https:\/\/solucionsolar.cl\/solar\/wp-json\/wp\/v2\/media\/457"}],"wp:attachment":[{"href":"https:\/\/solucionsolar.cl\/solar\/wp-json\/wp\/v2\/media?parent=458"}],"wp:term":[{"taxonomy":"product_brand","embeddable":true,"href":"https:\/\/solucionsolar.cl\/solar\/wp-json\/wp\/v2\/product_brand?post=458"},{"taxonomy":"product_cat","embeddable":true,"href":"https:\/\/solucionsolar.cl\/solar\/wp-json\/wp\/v2\/product_cat?post=458"},{"taxonomy":"product_tag","embeddable":true,"href":"https:\/\/solucionsolar.cl\/solar\/wp-json\/wp\/v2\/product_tag?post=458"}],"curies":[{"name":"wp","href":"https:\/\/api.w.org\/{rel}","templated":true}]}}