{"id":460,"date":"2023-05-13T22:29:59","date_gmt":"2023-05-13T22:29:59","guid":{"rendered":"https:\/\/solucionsolar.cl\/solar\/producto\/automatico-3x20a-6k-c-lexo\/"},"modified":"2023-05-13T22:29:59","modified_gmt":"2023-05-13T22:29:59","slug":"automatico-3x20a-6k-c-lexo","status":"publish","type":"product","link":"https:\/\/solucionsolar.cl\/solar\/producto\/automatico-3x20a-6k-c-lexo\/","title":{"rendered":"Autom\u00e1tico 3x20A 6K C LEXO"},"content":{"rendered":"<p>Es un interruptor autom\u00e1tico de corriente que se utiliza para proteger los circuitos el\u00e9ctricos contra sobrecargas y cortocircuitos. La denominaci\u00f3n \u00ab3x20A\u00bb significa que este interruptor tiene tres polos y cada uno de ellos puede soportar una corriente m\u00e1xima de 20 amperios. La letra \u00abC\u00bb indica que el interruptor es adecuado para proteger circuitos que contienen cargas que pueden presentar un pico de corriente moderado, como motores el\u00e9ctricos, transformadores y cargas inductivas.<\/p>\n","protected":false},"excerpt":{"rendered":"<p>Es un interruptor autom\u00e1tico de corriente que se utiliza para proteger los circuitos el\u00e9ctricos contra sobrecargas y cortocircuitos. La denominaci\u00f3n \u00ab3x20A\u00bb significa que este interruptor tiene tres polos y cada uno de ellos puede soportar una corriente m\u00e1xima de 20 amperios. La letra \u00abC\u00bb indica que el interruptor es adecuado para proteger circuitos que contienen cargas que pueden presentar un [&hellip;]<\/p>\n","protected":false},"featured_media":459,"comment_status":"open","ping_status":"closed","template":"","meta":{"_joinchat":[]},"product_brand":[],"product_cat":[39,16],"product_tag":[],"class_list":{"0":"post-460","1":"product","2":"type-product","3":"status-publish","4":"has-post-thumbnail","6":"product_cat-automaticos","7":"product_cat-electricidad","9":"first","10":"instock","11":"shipping-taxable","12":"purchasable","13":"product-type-simple"},"ams_default_variation_id":0,"ams_product_points_reward":[],"ams_product_discount_percentage":0,"ams_price_to_display":7000,"ams_acf":[],"jetpack_sharing_enabled":true,"_links":{"self":[{"href":"https:\/\/solucionsolar.cl\/solar\/wp-json\/wp\/v2\/product\/460","targetHints":{"allow":["GET"]}}],"collection":[{"href":"https:\/\/solucionsolar.cl\/solar\/wp-json\/wp\/v2\/product"}],"about":[{"href":"https:\/\/solucionsolar.cl\/solar\/wp-json\/wp\/v2\/types\/product"}],"replies":[{"embeddable":true,"href":"https:\/\/solucionsolar.cl\/solar\/wp-json\/wp\/v2\/comments?post=460"}],"wp:featuredmedia":[{"embeddable":true,"href":"https:\/\/solucionsolar.cl\/solar\/wp-json\/wp\/v2\/media\/459"}],"wp:attachment":[{"href":"https:\/\/solucionsolar.cl\/solar\/wp-json\/wp\/v2\/media?parent=460"}],"wp:term":[{"taxonomy":"product_brand","embeddable":true,"href":"https:\/\/solucionsolar.cl\/solar\/wp-json\/wp\/v2\/product_brand?post=460"},{"taxonomy":"product_cat","embeddable":true,"href":"https:\/\/solucionsolar.cl\/solar\/wp-json\/wp\/v2\/product_cat?post=460"},{"taxonomy":"product_tag","embeddable":true,"href":"https:\/\/solucionsolar.cl\/solar\/wp-json\/wp\/v2\/product_tag?post=460"}],"curies":[{"name":"wp","href":"https:\/\/api.w.org\/{rel}","templated":true}]}}