{"id":462,"date":"2023-05-13T22:30:02","date_gmt":"2023-05-13T22:30:02","guid":{"rendered":"https:\/\/solucionsolar.cl\/solar\/producto\/guardamotor-4-63a-660v-lexo\/"},"modified":"2023-05-13T22:30:02","modified_gmt":"2023-05-13T22:30:02","slug":"guardamotor-4-63a-660v-lexo","status":"publish","type":"product","link":"https:\/\/solucionsolar.cl\/solar\/producto\/guardamotor-4-63a-660v-lexo\/","title":{"rendered":"Guardamotor 4-6,3A 660V LEXO"},"content":{"rendered":"<p>Es un dispositivo de protecci\u00f3n el\u00e9ctrica que se utiliza para proteger los motores el\u00e9ctricos contra sobrecargas y cortocircuitos. Est\u00e1 dise\u00f1ado para ser instalado en serie con el motor el\u00e9ctrico y se activa autom\u00e1ticamente cuando se detecta una corriente anormal en el circuito.<\/p>\n","protected":false},"excerpt":{"rendered":"<p>Es un dispositivo de protecci\u00f3n el\u00e9ctrica que se utiliza para proteger los motores el\u00e9ctricos contra sobrecargas y cortocircuitos. Est\u00e1 dise\u00f1ado para ser instalado en serie con el motor el\u00e9ctrico y se activa autom\u00e1ticamente cuando se detecta una corriente anormal en el circuito.<\/p>\n","protected":false},"featured_media":461,"comment_status":"open","ping_status":"closed","template":"","meta":{"_joinchat":[]},"product_brand":[],"product_cat":[16],"product_tag":[],"class_list":{"0":"post-462","1":"product","2":"type-product","3":"status-publish","4":"has-post-thumbnail","6":"product_cat-electricidad","8":"first","9":"instock","10":"shipping-taxable","11":"purchasable","12":"product-type-simple"},"ams_default_variation_id":0,"ams_product_points_reward":[],"ams_product_discount_percentage":0,"ams_price_to_display":22000,"ams_acf":[],"jetpack_sharing_enabled":true,"_links":{"self":[{"href":"https:\/\/solucionsolar.cl\/solar\/wp-json\/wp\/v2\/product\/462","targetHints":{"allow":["GET"]}}],"collection":[{"href":"https:\/\/solucionsolar.cl\/solar\/wp-json\/wp\/v2\/product"}],"about":[{"href":"https:\/\/solucionsolar.cl\/solar\/wp-json\/wp\/v2\/types\/product"}],"replies":[{"embeddable":true,"href":"https:\/\/solucionsolar.cl\/solar\/wp-json\/wp\/v2\/comments?post=462"}],"wp:featuredmedia":[{"embeddable":true,"href":"https:\/\/solucionsolar.cl\/solar\/wp-json\/wp\/v2\/media\/461"}],"wp:attachment":[{"href":"https:\/\/solucionsolar.cl\/solar\/wp-json\/wp\/v2\/media?parent=462"}],"wp:term":[{"taxonomy":"product_brand","embeddable":true,"href":"https:\/\/solucionsolar.cl\/solar\/wp-json\/wp\/v2\/product_brand?post=462"},{"taxonomy":"product_cat","embeddable":true,"href":"https:\/\/solucionsolar.cl\/solar\/wp-json\/wp\/v2\/product_cat?post=462"},{"taxonomy":"product_tag","embeddable":true,"href":"https:\/\/solucionsolar.cl\/solar\/wp-json\/wp\/v2\/product_tag?post=462"}],"curies":[{"name":"wp","href":"https:\/\/api.w.org\/{rel}","templated":true}]}}