{"id":47,"date":"2023-05-13T22:20:18","date_gmt":"2023-05-13T22:20:18","guid":{"rendered":"https:\/\/solucionsolar.cl\/solar\/producto\/caja-metalica-pregalvanizada-100x100x65mm-c-tapa-lexo\/"},"modified":"2023-05-13T22:20:18","modified_gmt":"2023-05-13T22:20:18","slug":"caja-metalica-pregalvanizada-100x100x65mm-c-tapa-lexo","status":"publish","type":"product","link":"https:\/\/solucionsolar.cl\/solar\/producto\/caja-metalica-pregalvanizada-100x100x65mm-c-tapa-lexo\/","title":{"rendered":"Caja met\u00e1lica pregalvanizada 100x100x65mm c\/tapa LEXO"},"content":{"rendered":"<p>Es un dispositivo utilizado en instalaciones el\u00e9ctricas para proteger y alojar conexiones el\u00e9ctricas y elementos de control.<\/p>\n<p>Esta caja se caracteriza por estar fabricada en acero pregalvanizado, lo que le proporciona una alta resistencia a la corrosi\u00f3n y la oxidaci\u00f3n, adem\u00e1s de una gran durabilidad en ambientes adversos.<\/p>\n","protected":false},"excerpt":{"rendered":"<p>Es un dispositivo utilizado en instalaciones el\u00e9ctricas para proteger y alojar conexiones el\u00e9ctricas y elementos de control. Esta caja se caracteriza por estar fabricada en acero pregalvanizado, lo que le proporciona una alta resistencia a la corrosi\u00f3n y la oxidaci\u00f3n, adem\u00e1s de una gran durabilidad en ambientes adversos.<\/p>\n","protected":false},"featured_media":46,"comment_status":"open","ping_status":"closed","template":"","meta":{"_joinchat":[]},"product_brand":[],"product_cat":[16],"product_tag":[],"class_list":{"0":"post-47","1":"product","2":"type-product","3":"status-publish","4":"has-post-thumbnail","6":"product_cat-electricidad","8":"first","9":"instock","10":"shipping-taxable","11":"purchasable","12":"product-type-simple"},"ams_default_variation_id":0,"ams_product_points_reward":[],"ams_product_discount_percentage":0,"ams_price_to_display":1400,"ams_acf":[],"jetpack_sharing_enabled":true,"_links":{"self":[{"href":"https:\/\/solucionsolar.cl\/solar\/wp-json\/wp\/v2\/product\/47","targetHints":{"allow":["GET"]}}],"collection":[{"href":"https:\/\/solucionsolar.cl\/solar\/wp-json\/wp\/v2\/product"}],"about":[{"href":"https:\/\/solucionsolar.cl\/solar\/wp-json\/wp\/v2\/types\/product"}],"replies":[{"embeddable":true,"href":"https:\/\/solucionsolar.cl\/solar\/wp-json\/wp\/v2\/comments?post=47"}],"wp:featuredmedia":[{"embeddable":true,"href":"https:\/\/solucionsolar.cl\/solar\/wp-json\/wp\/v2\/media\/46"}],"wp:attachment":[{"href":"https:\/\/solucionsolar.cl\/solar\/wp-json\/wp\/v2\/media?parent=47"}],"wp:term":[{"taxonomy":"product_brand","embeddable":true,"href":"https:\/\/solucionsolar.cl\/solar\/wp-json\/wp\/v2\/product_brand?post=47"},{"taxonomy":"product_cat","embeddable":true,"href":"https:\/\/solucionsolar.cl\/solar\/wp-json\/wp\/v2\/product_cat?post=47"},{"taxonomy":"product_tag","embeddable":true,"href":"https:\/\/solucionsolar.cl\/solar\/wp-json\/wp\/v2\/product_tag?post=47"}],"curies":[{"name":"wp","href":"https:\/\/api.w.org\/{rel}","templated":true}]}}