{"id":470,"date":"2023-05-13T22:30:15","date_gmt":"2023-05-13T22:30:15","guid":{"rendered":"https:\/\/solucionsolar.cl\/solar\/producto\/modulo-toma-corriente-10a-2pt-blanco-lexo\/"},"modified":"2023-05-13T22:30:15","modified_gmt":"2023-05-13T22:30:15","slug":"modulo-toma-corriente-10a-2pt-blanco-lexo","status":"publish","type":"product","link":"https:\/\/solucionsolar.cl\/solar\/producto\/modulo-toma-corriente-10a-2pt-blanco-lexo\/","title":{"rendered":"M\u00f3dulo toma corriente 10A 2P+T Blanco LEXO"},"content":{"rendered":"<p>es un dispositivo el\u00e9ctrico dise\u00f1ado para conectar equipos y dispositivos el\u00e9ctricos a la red el\u00e9ctrica. Este m\u00f3dulo est\u00e1 dise\u00f1ado para su uso en instalaciones el\u00e9ctricas de baja potencia, con una corriente nominal de 10 amperios y una tensi\u00f3n m\u00e1xima de 250 voltios.<\/p>\n","protected":false},"excerpt":{"rendered":"<p>es un dispositivo el\u00e9ctrico dise\u00f1ado para conectar equipos y dispositivos el\u00e9ctricos a la red el\u00e9ctrica. Este m\u00f3dulo est\u00e1 dise\u00f1ado para su uso en instalaciones el\u00e9ctricas de baja potencia, con una corriente nominal de 10 amperios y una tensi\u00f3n m\u00e1xima de 250 voltios.<\/p>\n","protected":false},"featured_media":469,"comment_status":"open","ping_status":"closed","template":"","meta":{"_joinchat":[]},"product_brand":[],"product_cat":[16],"product_tag":[],"class_list":{"0":"post-470","1":"product","2":"type-product","3":"status-publish","4":"has-post-thumbnail","6":"product_cat-electricidad","8":"first","9":"instock","10":"shipping-taxable","11":"purchasable","12":"product-type-simple"},"ams_default_variation_id":0,"ams_product_points_reward":[],"ams_product_discount_percentage":0,"ams_price_to_display":850,"ams_acf":[],"jetpack_sharing_enabled":true,"_links":{"self":[{"href":"https:\/\/solucionsolar.cl\/solar\/wp-json\/wp\/v2\/product\/470","targetHints":{"allow":["GET"]}}],"collection":[{"href":"https:\/\/solucionsolar.cl\/solar\/wp-json\/wp\/v2\/product"}],"about":[{"href":"https:\/\/solucionsolar.cl\/solar\/wp-json\/wp\/v2\/types\/product"}],"replies":[{"embeddable":true,"href":"https:\/\/solucionsolar.cl\/solar\/wp-json\/wp\/v2\/comments?post=470"}],"wp:featuredmedia":[{"embeddable":true,"href":"https:\/\/solucionsolar.cl\/solar\/wp-json\/wp\/v2\/media\/469"}],"wp:attachment":[{"href":"https:\/\/solucionsolar.cl\/solar\/wp-json\/wp\/v2\/media?parent=470"}],"wp:term":[{"taxonomy":"product_brand","embeddable":true,"href":"https:\/\/solucionsolar.cl\/solar\/wp-json\/wp\/v2\/product_brand?post=470"},{"taxonomy":"product_cat","embeddable":true,"href":"https:\/\/solucionsolar.cl\/solar\/wp-json\/wp\/v2\/product_cat?post=470"},{"taxonomy":"product_tag","embeddable":true,"href":"https:\/\/solucionsolar.cl\/solar\/wp-json\/wp\/v2\/product_tag?post=470"}],"curies":[{"name":"wp","href":"https:\/\/api.w.org\/{rel}","templated":true}]}}