{"id":472,"date":"2023-05-13T22:30:18","date_gmt":"2023-05-13T22:30:18","guid":{"rendered":"https:\/\/solucionsolar.cl\/solar\/producto\/selector-1-0-2-tipo-pacco-32a-lexo\/"},"modified":"2023-05-13T22:30:18","modified_gmt":"2023-05-13T22:30:18","slug":"selector-1-0-2-tipo-pacco-32a-lexo","status":"publish","type":"product","link":"https:\/\/solucionsolar.cl\/solar\/producto\/selector-1-0-2-tipo-pacco-32a-lexo\/","title":{"rendered":"Selector 1-0-2 tipo PACCO 32A LEXO"},"content":{"rendered":"<p>Es un dispositivo electromec\u00e1nico utilizado en instalaciones el\u00e9ctricas para seleccionar una de tres posibles fuentes de alimentaci\u00f3n. Tiene una corriente nominal de 32 amperios y su dise\u00f1o compacto permite una f\u00e1cil instalaci\u00f3n en cuadros el\u00e9ctricos.<\/p>\n","protected":false},"excerpt":{"rendered":"<p>Es un dispositivo electromec\u00e1nico utilizado en instalaciones el\u00e9ctricas para seleccionar una de tres posibles fuentes de alimentaci\u00f3n. Tiene una corriente nominal de 32 amperios y su dise\u00f1o compacto permite una f\u00e1cil instalaci\u00f3n en cuadros el\u00e9ctricos.<\/p>\n","protected":false},"featured_media":471,"comment_status":"open","ping_status":"closed","template":"","meta":{"_joinchat":[]},"product_brand":[],"product_cat":[16],"product_tag":[],"class_list":{"0":"post-472","1":"product","2":"type-product","3":"status-publish","4":"has-post-thumbnail","6":"product_cat-electricidad","8":"first","9":"instock","10":"shipping-taxable","11":"purchasable","12":"product-type-simple"},"ams_default_variation_id":0,"ams_product_points_reward":[],"ams_product_discount_percentage":0,"ams_price_to_display":17500,"ams_acf":[],"jetpack_sharing_enabled":true,"_links":{"self":[{"href":"https:\/\/solucionsolar.cl\/solar\/wp-json\/wp\/v2\/product\/472","targetHints":{"allow":["GET"]}}],"collection":[{"href":"https:\/\/solucionsolar.cl\/solar\/wp-json\/wp\/v2\/product"}],"about":[{"href":"https:\/\/solucionsolar.cl\/solar\/wp-json\/wp\/v2\/types\/product"}],"replies":[{"embeddable":true,"href":"https:\/\/solucionsolar.cl\/solar\/wp-json\/wp\/v2\/comments?post=472"}],"wp:featuredmedia":[{"embeddable":true,"href":"https:\/\/solucionsolar.cl\/solar\/wp-json\/wp\/v2\/media\/471"}],"wp:attachment":[{"href":"https:\/\/solucionsolar.cl\/solar\/wp-json\/wp\/v2\/media?parent=472"}],"wp:term":[{"taxonomy":"product_brand","embeddable":true,"href":"https:\/\/solucionsolar.cl\/solar\/wp-json\/wp\/v2\/product_brand?post=472"},{"taxonomy":"product_cat","embeddable":true,"href":"https:\/\/solucionsolar.cl\/solar\/wp-json\/wp\/v2\/product_cat?post=472"},{"taxonomy":"product_tag","embeddable":true,"href":"https:\/\/solucionsolar.cl\/solar\/wp-json\/wp\/v2\/product_tag?post=472"}],"curies":[{"name":"wp","href":"https:\/\/api.w.org\/{rel}","templated":true}]}}