{"id":474,"date":"2023-05-13T22:30:20","date_gmt":"2023-05-13T22:30:20","guid":{"rendered":"https:\/\/solucionsolar.cl\/solar\/producto\/automatico-1x10a-6k-c-lexo\/"},"modified":"2023-05-13T22:30:20","modified_gmt":"2023-05-13T22:30:20","slug":"automatico-1x10a-6k-c-lexo","status":"publish","type":"product","link":"https:\/\/solucionsolar.cl\/solar\/producto\/automatico-1x10a-6k-c-lexo\/","title":{"rendered":"Autom\u00e1tico 1x10A 6K C LEXO"},"content":{"rendered":"<p>Es un dispositivo de protecci\u00f3n el\u00e9ctrica utilizado en instalaciones el\u00e9ctricas para proteger los circuitos contra sobrecargas y cortocircuitos. Tiene una capacidad de corriente nominal de 10 amperios y una capacidad de ruptura de 6 kiloamperios.<\/p>\n","protected":false},"excerpt":{"rendered":"<p>Es un dispositivo de protecci\u00f3n el\u00e9ctrica utilizado en instalaciones el\u00e9ctricas para proteger los circuitos contra sobrecargas y cortocircuitos. Tiene una capacidad de corriente nominal de 10 amperios y una capacidad de ruptura de 6 kiloamperios.<\/p>\n","protected":false},"featured_media":473,"comment_status":"open","ping_status":"closed","template":"","meta":{"_joinchat":[]},"product_brand":[],"product_cat":[39,16],"product_tag":[],"class_list":{"0":"post-474","1":"product","2":"type-product","3":"status-publish","4":"has-post-thumbnail","6":"product_cat-automaticos","7":"product_cat-electricidad","9":"first","10":"instock","11":"shipping-taxable","12":"purchasable","13":"product-type-simple"},"ams_default_variation_id":0,"ams_product_points_reward":[],"ams_product_discount_percentage":0,"ams_price_to_display":2100,"ams_acf":[],"jetpack_sharing_enabled":true,"_links":{"self":[{"href":"https:\/\/solucionsolar.cl\/solar\/wp-json\/wp\/v2\/product\/474","targetHints":{"allow":["GET"]}}],"collection":[{"href":"https:\/\/solucionsolar.cl\/solar\/wp-json\/wp\/v2\/product"}],"about":[{"href":"https:\/\/solucionsolar.cl\/solar\/wp-json\/wp\/v2\/types\/product"}],"replies":[{"embeddable":true,"href":"https:\/\/solucionsolar.cl\/solar\/wp-json\/wp\/v2\/comments?post=474"}],"wp:featuredmedia":[{"embeddable":true,"href":"https:\/\/solucionsolar.cl\/solar\/wp-json\/wp\/v2\/media\/473"}],"wp:attachment":[{"href":"https:\/\/solucionsolar.cl\/solar\/wp-json\/wp\/v2\/media?parent=474"}],"wp:term":[{"taxonomy":"product_brand","embeddable":true,"href":"https:\/\/solucionsolar.cl\/solar\/wp-json\/wp\/v2\/product_brand?post=474"},{"taxonomy":"product_cat","embeddable":true,"href":"https:\/\/solucionsolar.cl\/solar\/wp-json\/wp\/v2\/product_cat?post=474"},{"taxonomy":"product_tag","embeddable":true,"href":"https:\/\/solucionsolar.cl\/solar\/wp-json\/wp\/v2\/product_tag?post=474"}],"curies":[{"name":"wp","href":"https:\/\/api.w.org\/{rel}","templated":true}]}}