{"id":478,"date":"2023-05-13T22:30:25","date_gmt":"2023-05-13T22:30:25","guid":{"rendered":"https:\/\/solucionsolar.cl\/solar\/producto\/rele-temporizador-arrancador-estrella-triangulo-lexo\/"},"modified":"2023-05-13T22:30:25","modified_gmt":"2023-05-13T22:30:25","slug":"rele-temporizador-arrancador-estrella-triangulo-lexo","status":"publish","type":"product","link":"https:\/\/solucionsolar.cl\/solar\/producto\/rele-temporizador-arrancador-estrella-triangulo-lexo\/","title":{"rendered":"Rel\u00e9 temporizador arrancador estrella \/ tri\u00e1ngulo LEXO"},"content":{"rendered":"<p>Es un dispositivo de control utilizado para el arranque y paro de motores el\u00e9ctricos trif\u00e1sicos. Este dispositivo se utiliza espec\u00edficamente en motores de gran potencia, donde se requiere un arranque suave y controlado para evitar da\u00f1os en el motor y en la instalaci\u00f3n el\u00e9ctrica.<\/p>\n","protected":false},"excerpt":{"rendered":"<p>Es un dispositivo de control utilizado para el arranque y paro de motores el\u00e9ctricos trif\u00e1sicos. Este dispositivo se utiliza espec\u00edficamente en motores de gran potencia, donde se requiere un arranque suave y controlado para evitar da\u00f1os en el motor y en la instalaci\u00f3n el\u00e9ctrica.<\/p>\n","protected":false},"featured_media":477,"comment_status":"open","ping_status":"closed","template":"","meta":{"_joinchat":[]},"product_brand":[],"product_cat":[16],"product_tag":[],"class_list":{"0":"post-478","1":"product","2":"type-product","3":"status-publish","4":"has-post-thumbnail","6":"product_cat-electricidad","8":"first","9":"instock","10":"shipping-taxable","11":"purchasable","12":"product-type-simple"},"ams_default_variation_id":0,"ams_product_points_reward":[],"ams_product_discount_percentage":0,"ams_price_to_display":21000,"ams_acf":[],"jetpack_sharing_enabled":true,"_links":{"self":[{"href":"https:\/\/solucionsolar.cl\/solar\/wp-json\/wp\/v2\/product\/478","targetHints":{"allow":["GET"]}}],"collection":[{"href":"https:\/\/solucionsolar.cl\/solar\/wp-json\/wp\/v2\/product"}],"about":[{"href":"https:\/\/solucionsolar.cl\/solar\/wp-json\/wp\/v2\/types\/product"}],"replies":[{"embeddable":true,"href":"https:\/\/solucionsolar.cl\/solar\/wp-json\/wp\/v2\/comments?post=478"}],"wp:featuredmedia":[{"embeddable":true,"href":"https:\/\/solucionsolar.cl\/solar\/wp-json\/wp\/v2\/media\/477"}],"wp:attachment":[{"href":"https:\/\/solucionsolar.cl\/solar\/wp-json\/wp\/v2\/media?parent=478"}],"wp:term":[{"taxonomy":"product_brand","embeddable":true,"href":"https:\/\/solucionsolar.cl\/solar\/wp-json\/wp\/v2\/product_brand?post=478"},{"taxonomy":"product_cat","embeddable":true,"href":"https:\/\/solucionsolar.cl\/solar\/wp-json\/wp\/v2\/product_cat?post=478"},{"taxonomy":"product_tag","embeddable":true,"href":"https:\/\/solucionsolar.cl\/solar\/wp-json\/wp\/v2\/product_tag?post=478"}],"curies":[{"name":"wp","href":"https:\/\/api.w.org\/{rel}","templated":true}]}}