{"id":486,"date":"2023-05-13T22:30:37","date_gmt":"2023-05-13T22:30:37","guid":{"rendered":"https:\/\/solucionsolar.cl\/solar\/producto\/extractor-5-cuadrado-drl\/"},"modified":"2023-05-13T22:30:37","modified_gmt":"2023-05-13T22:30:37","slug":"extractor-5-cuadrado-drl","status":"publish","type":"product","link":"https:\/\/solucionsolar.cl\/solar\/producto\/extractor-5-cuadrado-drl\/","title":{"rendered":"Extractor 5&#8243; cuadrado DRL"},"content":{"rendered":"<p>Es un dispositivo utilizado en sistemas de ventilaci\u00f3n para extraer aire de una habitaci\u00f3n o espacio cerrado y mantener una adecuada circulaci\u00f3n del aire en el ambiente. Este extractor tiene una forma cuadrada y un di\u00e1metro de 5 pulgadas, lo que le permite extraer una cantidad suficiente de aire para mantener una ventilaci\u00f3n adecuada.<\/p>\n","protected":false},"excerpt":{"rendered":"<p>Es un dispositivo utilizado en sistemas de ventilaci\u00f3n para extraer aire de una habitaci\u00f3n o espacio cerrado y mantener una adecuada circulaci\u00f3n del aire en el ambiente. Este extractor tiene una forma cuadrada y un di\u00e1metro de 5 pulgadas, lo que le permite extraer una cantidad suficiente de aire para mantener una ventilaci\u00f3n adecuada.<\/p>\n","protected":false},"featured_media":485,"comment_status":"open","ping_status":"closed","template":"","meta":{"_joinchat":[]},"product_brand":[],"product_cat":[16,41],"product_tag":[],"class_list":{"0":"post-486","1":"product","2":"type-product","3":"status-publish","4":"has-post-thumbnail","6":"product_cat-electricidad","7":"product_cat-extractores","9":"first","10":"instock","11":"shipping-taxable","12":"purchasable","13":"product-type-simple"},"ams_default_variation_id":0,"ams_product_points_reward":[],"ams_product_discount_percentage":0,"ams_price_to_display":10900,"ams_acf":[],"jetpack_sharing_enabled":true,"_links":{"self":[{"href":"https:\/\/solucionsolar.cl\/solar\/wp-json\/wp\/v2\/product\/486","targetHints":{"allow":["GET"]}}],"collection":[{"href":"https:\/\/solucionsolar.cl\/solar\/wp-json\/wp\/v2\/product"}],"about":[{"href":"https:\/\/solucionsolar.cl\/solar\/wp-json\/wp\/v2\/types\/product"}],"replies":[{"embeddable":true,"href":"https:\/\/solucionsolar.cl\/solar\/wp-json\/wp\/v2\/comments?post=486"}],"wp:featuredmedia":[{"embeddable":true,"href":"https:\/\/solucionsolar.cl\/solar\/wp-json\/wp\/v2\/media\/485"}],"wp:attachment":[{"href":"https:\/\/solucionsolar.cl\/solar\/wp-json\/wp\/v2\/media?parent=486"}],"wp:term":[{"taxonomy":"product_brand","embeddable":true,"href":"https:\/\/solucionsolar.cl\/solar\/wp-json\/wp\/v2\/product_brand?post=486"},{"taxonomy":"product_cat","embeddable":true,"href":"https:\/\/solucionsolar.cl\/solar\/wp-json\/wp\/v2\/product_cat?post=486"},{"taxonomy":"product_tag","embeddable":true,"href":"https:\/\/solucionsolar.cl\/solar\/wp-json\/wp\/v2\/product_tag?post=486"}],"curies":[{"name":"wp","href":"https:\/\/api.w.org\/{rel}","templated":true}]}}