{"id":490,"date":"2023-05-13T22:30:44","date_gmt":"2023-05-13T22:30:44","guid":{"rendered":"https:\/\/solucionsolar.cl\/solar\/producto\/barra-tetrapolar-15-polos-125a-lexo\/"},"modified":"2023-05-13T22:30:44","modified_gmt":"2023-05-13T22:30:44","slug":"barra-tetrapolar-15-polos-125a-lexo","status":"publish","type":"product","link":"https:\/\/solucionsolar.cl\/solar\/producto\/barra-tetrapolar-15-polos-125a-lexo\/","title":{"rendered":"Barra tetrapolar 15 Polos 125A LEXO"},"content":{"rendered":"<p>Es un componente utilizado en sistemas de distribuci\u00f3n el\u00e9ctrica para conectar y distribuir la energ\u00eda el\u00e9ctrica a diferentes dispositivos de manera eficiente y segura. Esta barra cuenta con 15 polos y es tetrapolar, lo que significa que tiene cuatro conductores de entrada y cuatro conductores de salida.<\/p>\n","protected":false},"excerpt":{"rendered":"<p>Es un componente utilizado en sistemas de distribuci\u00f3n el\u00e9ctrica para conectar y distribuir la energ\u00eda el\u00e9ctrica a diferentes dispositivos de manera eficiente y segura. Esta barra cuenta con 15 polos y es tetrapolar, lo que significa que tiene cuatro conductores de entrada y cuatro conductores de salida.<\/p>\n","protected":false},"featured_media":489,"comment_status":"open","ping_status":"closed","template":"","meta":{"_joinchat":[]},"product_brand":[],"product_cat":[16],"product_tag":[],"class_list":{"0":"post-490","1":"product","2":"type-product","3":"status-publish","4":"has-post-thumbnail","6":"product_cat-electricidad","8":"first","9":"instock","10":"shipping-taxable","11":"purchasable","12":"product-type-simple"},"ams_default_variation_id":0,"ams_product_points_reward":[],"ams_product_discount_percentage":0,"ams_price_to_display":15800,"ams_acf":[],"jetpack_sharing_enabled":true,"_links":{"self":[{"href":"https:\/\/solucionsolar.cl\/solar\/wp-json\/wp\/v2\/product\/490","targetHints":{"allow":["GET"]}}],"collection":[{"href":"https:\/\/solucionsolar.cl\/solar\/wp-json\/wp\/v2\/product"}],"about":[{"href":"https:\/\/solucionsolar.cl\/solar\/wp-json\/wp\/v2\/types\/product"}],"replies":[{"embeddable":true,"href":"https:\/\/solucionsolar.cl\/solar\/wp-json\/wp\/v2\/comments?post=490"}],"wp:featuredmedia":[{"embeddable":true,"href":"https:\/\/solucionsolar.cl\/solar\/wp-json\/wp\/v2\/media\/489"}],"wp:attachment":[{"href":"https:\/\/solucionsolar.cl\/solar\/wp-json\/wp\/v2\/media?parent=490"}],"wp:term":[{"taxonomy":"product_brand","embeddable":true,"href":"https:\/\/solucionsolar.cl\/solar\/wp-json\/wp\/v2\/product_brand?post=490"},{"taxonomy":"product_cat","embeddable":true,"href":"https:\/\/solucionsolar.cl\/solar\/wp-json\/wp\/v2\/product_cat?post=490"},{"taxonomy":"product_tag","embeddable":true,"href":"https:\/\/solucionsolar.cl\/solar\/wp-json\/wp\/v2\/product_tag?post=490"}],"curies":[{"name":"wp","href":"https:\/\/api.w.org\/{rel}","templated":true}]}}