{"id":502,"date":"2023-05-13T22:31:04","date_gmt":"2023-05-13T22:31:04","guid":{"rendered":"https:\/\/solucionsolar.cl\/solar\/producto\/int-diferencial-2x25a-30ma-ebasse\/"},"modified":"2023-05-13T22:31:04","modified_gmt":"2023-05-13T22:31:04","slug":"int-diferencial-2x25a-30ma-ebasse","status":"publish","type":"product","link":"https:\/\/solucionsolar.cl\/solar\/producto\/int-diferencial-2x25a-30ma-ebasse\/","title":{"rendered":"Int Diferencial 2x25A 30MA Ebasse"},"content":{"rendered":"<p>Es un dispositivo de protecci\u00f3n el\u00e9ctrica que se utiliza en instalaciones el\u00e9ctricas para detectar corrientes de fuga a tierra. Su funci\u00f3n es desconectar autom\u00e1ticamente la energ\u00eda el\u00e9ctrica cuando se produce una corriente de fuga a tierra que supere el valor nominal del dispositivo, que en este caso es de 30mA.<\/p>\n","protected":false},"excerpt":{"rendered":"<p>Es un dispositivo de protecci\u00f3n el\u00e9ctrica que se utiliza en instalaciones el\u00e9ctricas para detectar corrientes de fuga a tierra. Su funci\u00f3n es desconectar autom\u00e1ticamente la energ\u00eda el\u00e9ctrica cuando se produce una corriente de fuga a tierra que supere el valor nominal del dispositivo, que en este caso es de 30mA.<\/p>\n","protected":false},"featured_media":501,"comment_status":"open","ping_status":"closed","template":"","meta":{"_joinchat":[]},"product_brand":[],"product_cat":[16],"product_tag":[],"class_list":{"0":"post-502","1":"product","2":"type-product","3":"status-publish","4":"has-post-thumbnail","6":"product_cat-electricidad","8":"first","9":"instock","10":"shipping-taxable","11":"purchasable","12":"product-type-simple"},"ams_default_variation_id":0,"ams_product_points_reward":[],"ams_product_discount_percentage":0,"ams_price_to_display":8900,"ams_acf":[],"jetpack_sharing_enabled":true,"_links":{"self":[{"href":"https:\/\/solucionsolar.cl\/solar\/wp-json\/wp\/v2\/product\/502","targetHints":{"allow":["GET"]}}],"collection":[{"href":"https:\/\/solucionsolar.cl\/solar\/wp-json\/wp\/v2\/product"}],"about":[{"href":"https:\/\/solucionsolar.cl\/solar\/wp-json\/wp\/v2\/types\/product"}],"replies":[{"embeddable":true,"href":"https:\/\/solucionsolar.cl\/solar\/wp-json\/wp\/v2\/comments?post=502"}],"wp:featuredmedia":[{"embeddable":true,"href":"https:\/\/solucionsolar.cl\/solar\/wp-json\/wp\/v2\/media\/501"}],"wp:attachment":[{"href":"https:\/\/solucionsolar.cl\/solar\/wp-json\/wp\/v2\/media?parent=502"}],"wp:term":[{"taxonomy":"product_brand","embeddable":true,"href":"https:\/\/solucionsolar.cl\/solar\/wp-json\/wp\/v2\/product_brand?post=502"},{"taxonomy":"product_cat","embeddable":true,"href":"https:\/\/solucionsolar.cl\/solar\/wp-json\/wp\/v2\/product_cat?post=502"},{"taxonomy":"product_tag","embeddable":true,"href":"https:\/\/solucionsolar.cl\/solar\/wp-json\/wp\/v2\/product_tag?post=502"}],"curies":[{"name":"wp","href":"https:\/\/api.w.org\/{rel}","templated":true}]}}