{"id":512,"date":"2023-05-13T22:31:22","date_gmt":"2023-05-13T22:31:22","guid":{"rendered":"https:\/\/solucionsolar.cl\/solar\/producto\/gabinete-300x200x150mm-ip65-1-puerta-drl\/"},"modified":"2023-05-13T22:31:22","modified_gmt":"2023-05-13T22:31:22","slug":"gabinete-300x200x150mm-ip65-1-puerta-drl","status":"publish","type":"product","link":"https:\/\/solucionsolar.cl\/solar\/producto\/gabinete-300x200x150mm-ip65-1-puerta-drl\/","title":{"rendered":"Gabinete 300x200x150mm IP65 1 puerta DRL"},"content":{"rendered":"<p>Es una caja de protecci\u00f3n dise\u00f1ada para alojar y proteger equipos electr\u00f3nicos y el\u00e9ctricos de diferentes tama\u00f1os y tipos.<\/p>\n","protected":false},"excerpt":{"rendered":"<p>Es una caja de protecci\u00f3n dise\u00f1ada para alojar y proteger equipos electr\u00f3nicos y el\u00e9ctricos de diferentes tama\u00f1os y tipos.<\/p>\n","protected":false},"featured_media":511,"comment_status":"open","ping_status":"closed","template":"","meta":{"_joinchat":[]},"product_brand":[],"product_cat":[16],"product_tag":[],"class_list":{"0":"post-512","1":"product","2":"type-product","3":"status-publish","4":"has-post-thumbnail","6":"product_cat-electricidad","8":"first","9":"instock","10":"shipping-taxable","11":"purchasable","12":"product-type-simple"},"ams_default_variation_id":0,"ams_product_points_reward":[],"ams_product_discount_percentage":0,"ams_price_to_display":28000,"ams_acf":[],"jetpack_sharing_enabled":true,"_links":{"self":[{"href":"https:\/\/solucionsolar.cl\/solar\/wp-json\/wp\/v2\/product\/512","targetHints":{"allow":["GET"]}}],"collection":[{"href":"https:\/\/solucionsolar.cl\/solar\/wp-json\/wp\/v2\/product"}],"about":[{"href":"https:\/\/solucionsolar.cl\/solar\/wp-json\/wp\/v2\/types\/product"}],"replies":[{"embeddable":true,"href":"https:\/\/solucionsolar.cl\/solar\/wp-json\/wp\/v2\/comments?post=512"}],"wp:featuredmedia":[{"embeddable":true,"href":"https:\/\/solucionsolar.cl\/solar\/wp-json\/wp\/v2\/media\/511"}],"wp:attachment":[{"href":"https:\/\/solucionsolar.cl\/solar\/wp-json\/wp\/v2\/media?parent=512"}],"wp:term":[{"taxonomy":"product_brand","embeddable":true,"href":"https:\/\/solucionsolar.cl\/solar\/wp-json\/wp\/v2\/product_brand?post=512"},{"taxonomy":"product_cat","embeddable":true,"href":"https:\/\/solucionsolar.cl\/solar\/wp-json\/wp\/v2\/product_cat?post=512"},{"taxonomy":"product_tag","embeddable":true,"href":"https:\/\/solucionsolar.cl\/solar\/wp-json\/wp\/v2\/product_tag?post=512"}],"curies":[{"name":"wp","href":"https:\/\/api.w.org\/{rel}","templated":true}]}}