{"id":514,"date":"2023-05-13T22:31:25","date_gmt":"2023-05-13T22:31:25","guid":{"rendered":"https:\/\/solucionsolar.cl\/solar\/producto\/terminal-hembra-media-aislada-10-12awg-amarillo-50un-lexo\/"},"modified":"2023-05-13T22:31:25","modified_gmt":"2023-05-13T22:31:25","slug":"terminal-hembra-media-aislada-10-12awg-amarillo-50un-lexo","status":"publish","type":"product","link":"https:\/\/solucionsolar.cl\/solar\/producto\/terminal-hembra-media-aislada-10-12awg-amarillo-50un-lexo\/","title":{"rendered":"Terminal hembra media aislada 10-12AWG Amarillo 50un LEXO"},"content":{"rendered":"<p>Es un conector el\u00e9ctrico dise\u00f1ado para conectarse a un cable con una secci\u00f3n de 10 a 12 AWG (American Wire Gauge) y proporcionar una conexi\u00f3n segura y confiable.<\/p>\n","protected":false},"excerpt":{"rendered":"<p>Es un conector el\u00e9ctrico dise\u00f1ado para conectarse a un cable con una secci\u00f3n de 10 a 12 AWG (American Wire Gauge) y proporcionar una conexi\u00f3n segura y confiable.<\/p>\n","protected":false},"featured_media":513,"comment_status":"open","ping_status":"closed","template":"","meta":{"_joinchat":[]},"product_brand":[],"product_cat":[16],"product_tag":[],"class_list":{"0":"post-514","1":"product","2":"type-product","3":"status-publish","4":"has-post-thumbnail","6":"product_cat-electricidad","8":"first","9":"instock","10":"shipping-taxable","11":"purchasable","12":"product-type-simple"},"ams_default_variation_id":0,"ams_product_points_reward":[],"ams_product_discount_percentage":0,"ams_price_to_display":3000,"ams_acf":[],"jetpack_sharing_enabled":true,"_links":{"self":[{"href":"https:\/\/solucionsolar.cl\/solar\/wp-json\/wp\/v2\/product\/514","targetHints":{"allow":["GET"]}}],"collection":[{"href":"https:\/\/solucionsolar.cl\/solar\/wp-json\/wp\/v2\/product"}],"about":[{"href":"https:\/\/solucionsolar.cl\/solar\/wp-json\/wp\/v2\/types\/product"}],"replies":[{"embeddable":true,"href":"https:\/\/solucionsolar.cl\/solar\/wp-json\/wp\/v2\/comments?post=514"}],"wp:featuredmedia":[{"embeddable":true,"href":"https:\/\/solucionsolar.cl\/solar\/wp-json\/wp\/v2\/media\/513"}],"wp:attachment":[{"href":"https:\/\/solucionsolar.cl\/solar\/wp-json\/wp\/v2\/media?parent=514"}],"wp:term":[{"taxonomy":"product_brand","embeddable":true,"href":"https:\/\/solucionsolar.cl\/solar\/wp-json\/wp\/v2\/product_brand?post=514"},{"taxonomy":"product_cat","embeddable":true,"href":"https:\/\/solucionsolar.cl\/solar\/wp-json\/wp\/v2\/product_cat?post=514"},{"taxonomy":"product_tag","embeddable":true,"href":"https:\/\/solucionsolar.cl\/solar\/wp-json\/wp\/v2\/product_tag?post=514"}],"curies":[{"name":"wp","href":"https:\/\/api.w.org\/{rel}","templated":true}]}}