{"id":522,"date":"2023-05-13T22:31:39","date_gmt":"2023-05-13T22:31:39","guid":{"rendered":"https:\/\/solucionsolar.cl\/solar\/producto\/caja-estanca-200x100x70mm-con-cono-lexo\/"},"modified":"2023-05-13T22:31:39","modified_gmt":"2023-05-13T22:31:39","slug":"caja-estanca-200x100x70mm-con-cono-lexo","status":"publish","type":"product","link":"https:\/\/solucionsolar.cl\/solar\/producto\/caja-estanca-200x100x70mm-con-cono-lexo\/","title":{"rendered":"Caja estanca 200x100x70mm con cono LEXO"},"content":{"rendered":"<p>Es un dispositivo de protecci\u00f3n utilizado en instalaciones el\u00e9ctricas para proteger y alojar equipos el\u00e9ctricos y electr\u00f3nicos. Esta caja est\u00e1 dise\u00f1ada con un tama\u00f1o de 200mm de largo, 100mm de ancho y 70mm de profundidad, lo que la hace adecuada para alojar equipos de tama\u00f1o mediano.<\/p>\n","protected":false},"excerpt":{"rendered":"<p>Es un dispositivo de protecci\u00f3n utilizado en instalaciones el\u00e9ctricas para proteger y alojar equipos el\u00e9ctricos y electr\u00f3nicos. Esta caja est\u00e1 dise\u00f1ada con un tama\u00f1o de 200mm de largo, 100mm de ancho y 70mm de profundidad, lo que la hace adecuada para alojar equipos de tama\u00f1o mediano.<\/p>\n","protected":false},"featured_media":521,"comment_status":"open","ping_status":"closed","template":"","meta":{"_joinchat":[]},"product_brand":[],"product_cat":[16],"product_tag":[],"class_list":{"0":"post-522","1":"product","2":"type-product","3":"status-publish","4":"has-post-thumbnail","6":"product_cat-electricidad","8":"first","9":"instock","10":"shipping-taxable","11":"purchasable","12":"product-type-simple"},"ams_default_variation_id":0,"ams_product_points_reward":[],"ams_product_discount_percentage":0,"ams_price_to_display":2800,"ams_acf":[],"jetpack_sharing_enabled":true,"_links":{"self":[{"href":"https:\/\/solucionsolar.cl\/solar\/wp-json\/wp\/v2\/product\/522","targetHints":{"allow":["GET"]}}],"collection":[{"href":"https:\/\/solucionsolar.cl\/solar\/wp-json\/wp\/v2\/product"}],"about":[{"href":"https:\/\/solucionsolar.cl\/solar\/wp-json\/wp\/v2\/types\/product"}],"replies":[{"embeddable":true,"href":"https:\/\/solucionsolar.cl\/solar\/wp-json\/wp\/v2\/comments?post=522"}],"wp:featuredmedia":[{"embeddable":true,"href":"https:\/\/solucionsolar.cl\/solar\/wp-json\/wp\/v2\/media\/521"}],"wp:attachment":[{"href":"https:\/\/solucionsolar.cl\/solar\/wp-json\/wp\/v2\/media?parent=522"}],"wp:term":[{"taxonomy":"product_brand","embeddable":true,"href":"https:\/\/solucionsolar.cl\/solar\/wp-json\/wp\/v2\/product_brand?post=522"},{"taxonomy":"product_cat","embeddable":true,"href":"https:\/\/solucionsolar.cl\/solar\/wp-json\/wp\/v2\/product_cat?post=522"},{"taxonomy":"product_tag","embeddable":true,"href":"https:\/\/solucionsolar.cl\/solar\/wp-json\/wp\/v2\/product_tag?post=522"}],"curies":[{"name":"wp","href":"https:\/\/api.w.org\/{rel}","templated":true}]}}