{"id":528,"date":"2023-05-13T22:31:49","date_gmt":"2023-05-13T22:31:49","guid":{"rendered":"https:\/\/solucionsolar.cl\/solar\/producto\/toma-corriente-triple-oval-sobrepuesto-10a-blanco-bticino\/"},"modified":"2023-05-13T22:31:49","modified_gmt":"2023-05-13T22:31:49","slug":"toma-corriente-triple-oval-sobrepuesto-10a-blanco-bticino","status":"publish","type":"product","link":"https:\/\/solucionsolar.cl\/solar\/producto\/toma-corriente-triple-oval-sobrepuesto-10a-blanco-bticino\/","title":{"rendered":"Toma corriente triple oval sobrepuesto 10A Blanco BTICINO"},"content":{"rendered":"<p>Es un dispositivo utilizado en instalaciones el\u00e9ctricas para la conexi\u00f3n de dispositivos el\u00e9ctricos y electr\u00f3nicos. Esta toma cuenta con tres salidas el\u00e9ctricas, lo que permite la conexi\u00f3n simult\u00e1nea de varios dispositivos el\u00e9ctricos.<\/p>\n","protected":false},"excerpt":{"rendered":"<p>Es un dispositivo utilizado en instalaciones el\u00e9ctricas para la conexi\u00f3n de dispositivos el\u00e9ctricos y electr\u00f3nicos. Esta toma cuenta con tres salidas el\u00e9ctricas, lo que permite la conexi\u00f3n simult\u00e1nea de varios dispositivos el\u00e9ctricos.<\/p>\n","protected":false},"featured_media":527,"comment_status":"open","ping_status":"closed","template":"","meta":{"_joinchat":[]},"product_brand":[],"product_cat":[16],"product_tag":[],"class_list":{"0":"post-528","1":"product","2":"type-product","3":"status-publish","4":"has-post-thumbnail","6":"product_cat-electricidad","8":"first","9":"instock","10":"shipping-taxable","11":"purchasable","12":"product-type-simple"},"ams_default_variation_id":0,"ams_product_points_reward":[],"ams_product_discount_percentage":0,"ams_price_to_display":4900,"ams_acf":[],"jetpack_sharing_enabled":true,"_links":{"self":[{"href":"https:\/\/solucionsolar.cl\/solar\/wp-json\/wp\/v2\/product\/528","targetHints":{"allow":["GET"]}}],"collection":[{"href":"https:\/\/solucionsolar.cl\/solar\/wp-json\/wp\/v2\/product"}],"about":[{"href":"https:\/\/solucionsolar.cl\/solar\/wp-json\/wp\/v2\/types\/product"}],"replies":[{"embeddable":true,"href":"https:\/\/solucionsolar.cl\/solar\/wp-json\/wp\/v2\/comments?post=528"}],"wp:featuredmedia":[{"embeddable":true,"href":"https:\/\/solucionsolar.cl\/solar\/wp-json\/wp\/v2\/media\/527"}],"wp:attachment":[{"href":"https:\/\/solucionsolar.cl\/solar\/wp-json\/wp\/v2\/media?parent=528"}],"wp:term":[{"taxonomy":"product_brand","embeddable":true,"href":"https:\/\/solucionsolar.cl\/solar\/wp-json\/wp\/v2\/product_brand?post=528"},{"taxonomy":"product_cat","embeddable":true,"href":"https:\/\/solucionsolar.cl\/solar\/wp-json\/wp\/v2\/product_cat?post=528"},{"taxonomy":"product_tag","embeddable":true,"href":"https:\/\/solucionsolar.cl\/solar\/wp-json\/wp\/v2\/product_tag?post=528"}],"curies":[{"name":"wp","href":"https:\/\/api.w.org\/{rel}","templated":true}]}}