{"id":53,"date":"2023-05-13T22:20:26","date_gmt":"2023-05-13T22:20:26","guid":{"rendered":"https:\/\/solucionsolar.cl\/solar\/producto\/z-cable-rv-k-2x15mm-negro-100mt\/"},"modified":"2023-05-13T22:20:26","modified_gmt":"2023-05-13T22:20:26","slug":"z-cable-rv-k-2x15mm-negro-100mt","status":"publish","type":"product","link":"https:\/\/solucionsolar.cl\/solar\/producto\/z-cable-rv-k-2x15mm-negro-100mt\/","title":{"rendered":"z Cable RV-K 2&#215;1,5mm negro 100mt"},"content":{"rendered":"<p>El cable RV-K 2&#215;1,5mm negro es un cable el\u00e9ctrico de cobre con dos conductores de 1,5mm de secci\u00f3n transversal cada uno, recubierto por una cubierta de PVC de color negro. Este cable es adecuado para instalaciones el\u00e9ctricas de baja tensi\u00f3n en interiores y exteriores.<\/p>\n","protected":false},"excerpt":{"rendered":"<p>El cable RV-K 2&#215;1,5mm negro es un cable el\u00e9ctrico de cobre con dos conductores de 1,5mm de secci\u00f3n transversal cada uno, recubierto por una cubierta de PVC de color negro. Este cable es adecuado para instalaciones el\u00e9ctricas de baja tensi\u00f3n en interiores y exteriores.<\/p>\n","protected":false},"featured_media":52,"comment_status":"open","ping_status":"closed","template":"","meta":{"_joinchat":[]},"product_brand":[],"product_cat":[18,16],"product_tag":[],"class_list":{"0":"post-53","1":"product","2":"type-product","3":"status-publish","4":"has-post-thumbnail","6":"product_cat-cables","7":"product_cat-electricidad","9":"first","10":"instock","11":"shipping-taxable","12":"purchasable","13":"product-type-simple"},"ams_default_variation_id":0,"ams_product_points_reward":[],"ams_product_discount_percentage":0,"ams_price_to_display":79500,"ams_acf":[],"jetpack_sharing_enabled":true,"_links":{"self":[{"href":"https:\/\/solucionsolar.cl\/solar\/wp-json\/wp\/v2\/product\/53","targetHints":{"allow":["GET"]}}],"collection":[{"href":"https:\/\/solucionsolar.cl\/solar\/wp-json\/wp\/v2\/product"}],"about":[{"href":"https:\/\/solucionsolar.cl\/solar\/wp-json\/wp\/v2\/types\/product"}],"replies":[{"embeddable":true,"href":"https:\/\/solucionsolar.cl\/solar\/wp-json\/wp\/v2\/comments?post=53"}],"wp:featuredmedia":[{"embeddable":true,"href":"https:\/\/solucionsolar.cl\/solar\/wp-json\/wp\/v2\/media\/52"}],"wp:attachment":[{"href":"https:\/\/solucionsolar.cl\/solar\/wp-json\/wp\/v2\/media?parent=53"}],"wp:term":[{"taxonomy":"product_brand","embeddable":true,"href":"https:\/\/solucionsolar.cl\/solar\/wp-json\/wp\/v2\/product_brand?post=53"},{"taxonomy":"product_cat","embeddable":true,"href":"https:\/\/solucionsolar.cl\/solar\/wp-json\/wp\/v2\/product_cat?post=53"},{"taxonomy":"product_tag","embeddable":true,"href":"https:\/\/solucionsolar.cl\/solar\/wp-json\/wp\/v2\/product_tag?post=53"}],"curies":[{"name":"wp","href":"https:\/\/api.w.org\/{rel}","templated":true}]}}