{"id":538,"date":"2023-05-13T22:31:59","date_gmt":"2023-05-13T22:31:59","guid":{"rendered":"https:\/\/solucionsolar.cl\/solar\/producto\/cable-h05vv-f-2x075mm-blanco-negro-100mt\/"},"modified":"2023-05-13T22:31:59","modified_gmt":"2023-05-13T22:31:59","slug":"cable-h05vv-f-2x075mm-blanco-negro-100mt","status":"publish","type":"product","link":"https:\/\/solucionsolar.cl\/solar\/producto\/cable-h05vv-f-2x075mm-blanco-negro-100mt\/","title":{"rendered":"Cable H05VV-F 2&#215;0,75mm Blanco\/Negro 100mt"},"content":{"rendered":"<p>El cable H05VV-F 2&#215;0,75mm es un cable el\u00e9ctrico de dos conductores de cobre esta\u00f1ado de 0,75mm de secci\u00f3n nominal, revestido por una cubierta de PVC en color blanco y negro. Este cable se utiliza com\u00fanmente en instalaciones el\u00e9ctricas de baja tensi\u00f3n, para la conexi\u00f3n de equipos el\u00e9ctricos y electrodom\u00e9sticos.<\/p>\n","protected":false},"excerpt":{"rendered":"<p>El cable H05VV-F 2&#215;0,75mm es un cable el\u00e9ctrico de dos conductores de cobre esta\u00f1ado de 0,75mm de secci\u00f3n nominal, revestido por una cubierta de PVC en color blanco y negro. Este cable se utiliza com\u00fanmente en instalaciones el\u00e9ctricas de baja tensi\u00f3n, para la conexi\u00f3n de equipos el\u00e9ctricos y electrodom\u00e9sticos.<\/p>\n","protected":false},"featured_media":537,"comment_status":"open","ping_status":"closed","template":"","meta":{"_joinchat":[]},"product_brand":[],"product_cat":[18,16],"product_tag":[],"class_list":{"0":"post-538","1":"product","2":"type-product","3":"status-publish","4":"has-post-thumbnail","6":"product_cat-cables","7":"product_cat-electricidad","9":"first","10":"instock","11":"shipping-taxable","12":"purchasable","13":"product-type-simple"},"ams_default_variation_id":0,"ams_product_points_reward":[],"ams_product_discount_percentage":0,"ams_price_to_display":40000,"ams_acf":[],"jetpack_sharing_enabled":true,"_links":{"self":[{"href":"https:\/\/solucionsolar.cl\/solar\/wp-json\/wp\/v2\/product\/538","targetHints":{"allow":["GET"]}}],"collection":[{"href":"https:\/\/solucionsolar.cl\/solar\/wp-json\/wp\/v2\/product"}],"about":[{"href":"https:\/\/solucionsolar.cl\/solar\/wp-json\/wp\/v2\/types\/product"}],"replies":[{"embeddable":true,"href":"https:\/\/solucionsolar.cl\/solar\/wp-json\/wp\/v2\/comments?post=538"}],"wp:featuredmedia":[{"embeddable":true,"href":"https:\/\/solucionsolar.cl\/solar\/wp-json\/wp\/v2\/media\/537"}],"wp:attachment":[{"href":"https:\/\/solucionsolar.cl\/solar\/wp-json\/wp\/v2\/media?parent=538"}],"wp:term":[{"taxonomy":"product_brand","embeddable":true,"href":"https:\/\/solucionsolar.cl\/solar\/wp-json\/wp\/v2\/product_brand?post=538"},{"taxonomy":"product_cat","embeddable":true,"href":"https:\/\/solucionsolar.cl\/solar\/wp-json\/wp\/v2\/product_cat?post=538"},{"taxonomy":"product_tag","embeddable":true,"href":"https:\/\/solucionsolar.cl\/solar\/wp-json\/wp\/v2\/product_tag?post=538"}],"curies":[{"name":"wp","href":"https:\/\/api.w.org\/{rel}","templated":true}]}}