{"id":542,"date":"2023-05-13T22:32:01","date_gmt":"2023-05-13T22:32:01","guid":{"rendered":"https:\/\/solucionsolar.cl\/solar\/producto\/cable-h05vv-f-2x15mm-negro-100mt\/"},"modified":"2023-05-13T22:32:01","modified_gmt":"2023-05-13T22:32:01","slug":"cable-h05vv-f-2x15mm-negro-100mt","status":"publish","type":"product","link":"https:\/\/solucionsolar.cl\/solar\/producto\/cable-h05vv-f-2x15mm-negro-100mt\/","title":{"rendered":"Cable H05VV-F 2&#215;1,5mm negro 100mt"},"content":{"rendered":"<p>El Cable H05VV-F 2&#215;1,5mm negro 100mt es un cable el\u00e9ctrico flexible de dos n\u00facleos de cobre de secci\u00f3n transversal 1,5mm\u00b2 cada uno, recubierto por una cubierta de PVC negro. La cubierta exterior de PVC proporciona una protecci\u00f3n duradera contra la abrasi\u00f3n, la humedad y otros factores ambientales adversos.<\/p>\n","protected":false},"excerpt":{"rendered":"<p>El Cable H05VV-F 2&#215;1,5mm negro 100mt es un cable el\u00e9ctrico flexible de dos n\u00facleos de cobre de secci\u00f3n transversal 1,5mm\u00b2 cada uno, recubierto por una cubierta de PVC negro. La cubierta exterior de PVC proporciona una protecci\u00f3n duradera contra la abrasi\u00f3n, la humedad y otros factores ambientales adversos.<\/p>\n","protected":false},"featured_media":541,"comment_status":"open","ping_status":"closed","template":"","meta":{"_joinchat":[]},"product_brand":[],"product_cat":[18,16],"product_tag":[],"class_list":{"0":"post-542","1":"product","2":"type-product","3":"status-publish","4":"has-post-thumbnail","6":"product_cat-cables","7":"product_cat-electricidad","9":"first","10":"instock","11":"shipping-taxable","12":"purchasable","13":"product-type-simple"},"ams_default_variation_id":0,"ams_product_points_reward":[],"ams_product_discount_percentage":0,"ams_price_to_display":62000,"ams_acf":[],"jetpack_sharing_enabled":true,"_links":{"self":[{"href":"https:\/\/solucionsolar.cl\/solar\/wp-json\/wp\/v2\/product\/542","targetHints":{"allow":["GET"]}}],"collection":[{"href":"https:\/\/solucionsolar.cl\/solar\/wp-json\/wp\/v2\/product"}],"about":[{"href":"https:\/\/solucionsolar.cl\/solar\/wp-json\/wp\/v2\/types\/product"}],"replies":[{"embeddable":true,"href":"https:\/\/solucionsolar.cl\/solar\/wp-json\/wp\/v2\/comments?post=542"}],"wp:featuredmedia":[{"embeddable":true,"href":"https:\/\/solucionsolar.cl\/solar\/wp-json\/wp\/v2\/media\/541"}],"wp:attachment":[{"href":"https:\/\/solucionsolar.cl\/solar\/wp-json\/wp\/v2\/media?parent=542"}],"wp:term":[{"taxonomy":"product_brand","embeddable":true,"href":"https:\/\/solucionsolar.cl\/solar\/wp-json\/wp\/v2\/product_brand?post=542"},{"taxonomy":"product_cat","embeddable":true,"href":"https:\/\/solucionsolar.cl\/solar\/wp-json\/wp\/v2\/product_cat?post=542"},{"taxonomy":"product_tag","embeddable":true,"href":"https:\/\/solucionsolar.cl\/solar\/wp-json\/wp\/v2\/product_tag?post=542"}],"curies":[{"name":"wp","href":"https:\/\/api.w.org\/{rel}","templated":true}]}}