{"id":550,"date":"2023-05-13T22:32:09","date_gmt":"2023-05-13T22:32:09","guid":{"rendered":"https:\/\/solucionsolar.cl\/solar\/producto\/interruptor-simple-9-12-10a-blanco-lexo-nuevo\/"},"modified":"2023-05-13T22:32:09","modified_gmt":"2023-05-13T22:32:09","slug":"interruptor-simple-9-12-10a-blanco-lexo-nuevo","status":"publish","type":"product","link":"https:\/\/solucionsolar.cl\/solar\/producto\/interruptor-simple-9-12-10a-blanco-lexo-nuevo\/","title":{"rendered":"Interruptor Simple 9\/12 10A Blanco LEXO NUEVO"},"content":{"rendered":"<p>Es un dispositivo el\u00e9ctrico utilizado para abrir o cerrar un circuito el\u00e9ctrico en un hogar o lugar de trabajo. Estos interruptores son comunes en la mayor\u00eda de los edificios y se utilizan para controlar la iluminaci\u00f3n, los electrodom\u00e9sticos y otros dispositivos el\u00e9ctricos.<\/p>\n","protected":false},"excerpt":{"rendered":"<p>Es un dispositivo el\u00e9ctrico utilizado para abrir o cerrar un circuito el\u00e9ctrico en un hogar o lugar de trabajo. Estos interruptores son comunes en la mayor\u00eda de los edificios y se utilizan para controlar la iluminaci\u00f3n, los electrodom\u00e9sticos y otros dispositivos el\u00e9ctricos.<\/p>\n","protected":false},"featured_media":549,"comment_status":"open","ping_status":"closed","template":"","meta":{"_joinchat":[]},"product_brand":[],"product_cat":[16],"product_tag":[],"class_list":{"0":"post-550","1":"product","2":"type-product","3":"status-publish","4":"has-post-thumbnail","6":"product_cat-electricidad","8":"first","9":"instock","10":"shipping-taxable","11":"purchasable","12":"product-type-simple"},"ams_default_variation_id":0,"ams_product_points_reward":[],"ams_product_discount_percentage":0,"ams_price_to_display":1600,"ams_acf":[],"jetpack_sharing_enabled":true,"_links":{"self":[{"href":"https:\/\/solucionsolar.cl\/solar\/wp-json\/wp\/v2\/product\/550","targetHints":{"allow":["GET"]}}],"collection":[{"href":"https:\/\/solucionsolar.cl\/solar\/wp-json\/wp\/v2\/product"}],"about":[{"href":"https:\/\/solucionsolar.cl\/solar\/wp-json\/wp\/v2\/types\/product"}],"replies":[{"embeddable":true,"href":"https:\/\/solucionsolar.cl\/solar\/wp-json\/wp\/v2\/comments?post=550"}],"wp:featuredmedia":[{"embeddable":true,"href":"https:\/\/solucionsolar.cl\/solar\/wp-json\/wp\/v2\/media\/549"}],"wp:attachment":[{"href":"https:\/\/solucionsolar.cl\/solar\/wp-json\/wp\/v2\/media?parent=550"}],"wp:term":[{"taxonomy":"product_brand","embeddable":true,"href":"https:\/\/solucionsolar.cl\/solar\/wp-json\/wp\/v2\/product_brand?post=550"},{"taxonomy":"product_cat","embeddable":true,"href":"https:\/\/solucionsolar.cl\/solar\/wp-json\/wp\/v2\/product_cat?post=550"},{"taxonomy":"product_tag","embeddable":true,"href":"https:\/\/solucionsolar.cl\/solar\/wp-json\/wp\/v2\/product_tag?post=550"}],"curies":[{"name":"wp","href":"https:\/\/api.w.org\/{rel}","templated":true}]}}