{"id":555,"date":"2023-05-13T22:32:14","date_gmt":"2023-05-13T22:32:14","guid":{"rendered":"https:\/\/solucionsolar.cl\/solar\/producto\/cable-rv-k-90oc-06-1kv-3x25mm-negro-1mt\/"},"modified":"2023-05-13T22:32:14","modified_gmt":"2023-05-13T22:32:14","slug":"cable-rv-k-90oc-06-1kv-3x25mm-negro-1mt","status":"publish","type":"product","link":"https:\/\/solucionsolar.cl\/solar\/producto\/cable-rv-k-90oc-06-1kv-3x25mm-negro-1mt\/","title":{"rendered":"Cable RV-K 90\u00baC 0,6\/1KV 3&#215;2,5mm Negro 1mt"},"content":{"rendered":"<p>El Cable RV-K 90\u00baC 0,6\/1KV 3&#215;2,5mm Negro 1mt es un cable el\u00e9ctrico de cobre con aislamiento de PVC resistente a altas temperaturas, dise\u00f1ado para operar a una tensi\u00f3n nominal de 0,6\/1KV y una temperatura m\u00e1xima de 90\u00baC. Consta de tres conductores de 2,5mm de secci\u00f3n transversal cada uno, y una longitud de 1 metro en color negro.<\/p>\n","protected":false},"excerpt":{"rendered":"<p>El Cable RV-K 90\u00baC 0,6\/1KV 3&#215;2,5mm Negro 1mt es un cable el\u00e9ctrico de cobre con aislamiento de PVC resistente a altas temperaturas, dise\u00f1ado para operar a una tensi\u00f3n nominal de 0,6\/1KV y una temperatura m\u00e1xima de 90\u00baC. Consta de tres conductores de 2,5mm de secci\u00f3n transversal cada uno, y una longitud de 1 metro en color negro.<\/p>\n","protected":false},"featured_media":553,"comment_status":"open","ping_status":"closed","template":"","meta":{"_joinchat":[]},"product_brand":[],"product_cat":[42,26],"product_tag":[],"class_list":{"0":"post-555","1":"product","2":"type-product","3":"status-publish","4":"has-post-thumbnail","6":"product_cat-conductores","7":"product_cat-empalmes","9":"first","10":"instock","11":"shipping-taxable","12":"purchasable","13":"product-type-simple"},"ams_default_variation_id":0,"ams_product_points_reward":[],"ams_product_discount_percentage":0,"ams_price_to_display":1850,"ams_acf":[],"jetpack_sharing_enabled":true,"_links":{"self":[{"href":"https:\/\/solucionsolar.cl\/solar\/wp-json\/wp\/v2\/product\/555","targetHints":{"allow":["GET"]}}],"collection":[{"href":"https:\/\/solucionsolar.cl\/solar\/wp-json\/wp\/v2\/product"}],"about":[{"href":"https:\/\/solucionsolar.cl\/solar\/wp-json\/wp\/v2\/types\/product"}],"replies":[{"embeddable":true,"href":"https:\/\/solucionsolar.cl\/solar\/wp-json\/wp\/v2\/comments?post=555"}],"wp:featuredmedia":[{"embeddable":true,"href":"https:\/\/solucionsolar.cl\/solar\/wp-json\/wp\/v2\/media\/553"}],"wp:attachment":[{"href":"https:\/\/solucionsolar.cl\/solar\/wp-json\/wp\/v2\/media?parent=555"}],"wp:term":[{"taxonomy":"product_brand","embeddable":true,"href":"https:\/\/solucionsolar.cl\/solar\/wp-json\/wp\/v2\/product_brand?post=555"},{"taxonomy":"product_cat","embeddable":true,"href":"https:\/\/solucionsolar.cl\/solar\/wp-json\/wp\/v2\/product_cat?post=555"},{"taxonomy":"product_tag","embeddable":true,"href":"https:\/\/solucionsolar.cl\/solar\/wp-json\/wp\/v2\/product_tag?post=555"}],"curies":[{"name":"wp","href":"https:\/\/api.w.org\/{rel}","templated":true}]}}