{"id":567,"date":"2023-05-13T22:32:28","date_gmt":"2023-05-13T22:32:28","guid":{"rendered":"https:\/\/solucionsolar.cl\/solar\/producto\/toma-corriente-triple-10a-blanco-lexo-nuevo\/"},"modified":"2023-05-13T22:32:28","modified_gmt":"2023-05-13T22:32:28","slug":"toma-corriente-triple-10a-blanco-lexo-nuevo","status":"publish","type":"product","link":"https:\/\/solucionsolar.cl\/solar\/producto\/toma-corriente-triple-10a-blanco-lexo-nuevo\/","title":{"rendered":"Toma corriente Triple 10A Blanco LEXO NUEVO"},"content":{"rendered":"<p>Es un dispositivo el\u00e9ctrico que se utiliza para conectar tres aparatos o dispositivos el\u00e9ctricos a la red el\u00e9ctrica desde un solo punto de control.<\/p>\n","protected":false},"excerpt":{"rendered":"<p>Es un dispositivo el\u00e9ctrico que se utiliza para conectar tres aparatos o dispositivos el\u00e9ctricos a la red el\u00e9ctrica desde un solo punto de control.<\/p>\n","protected":false},"featured_media":566,"comment_status":"open","ping_status":"closed","template":"","meta":{"_joinchat":[]},"product_brand":[],"product_cat":[16],"product_tag":[],"class_list":{"0":"post-567","1":"product","2":"type-product","3":"status-publish","4":"has-post-thumbnail","6":"product_cat-electricidad","8":"first","9":"instock","10":"shipping-taxable","11":"purchasable","12":"product-type-simple"},"ams_default_variation_id":0,"ams_product_points_reward":[],"ams_product_discount_percentage":0,"ams_price_to_display":3200,"ams_acf":[],"jetpack_sharing_enabled":true,"_links":{"self":[{"href":"https:\/\/solucionsolar.cl\/solar\/wp-json\/wp\/v2\/product\/567","targetHints":{"allow":["GET"]}}],"collection":[{"href":"https:\/\/solucionsolar.cl\/solar\/wp-json\/wp\/v2\/product"}],"about":[{"href":"https:\/\/solucionsolar.cl\/solar\/wp-json\/wp\/v2\/types\/product"}],"replies":[{"embeddable":true,"href":"https:\/\/solucionsolar.cl\/solar\/wp-json\/wp\/v2\/comments?post=567"}],"wp:featuredmedia":[{"embeddable":true,"href":"https:\/\/solucionsolar.cl\/solar\/wp-json\/wp\/v2\/media\/566"}],"wp:attachment":[{"href":"https:\/\/solucionsolar.cl\/solar\/wp-json\/wp\/v2\/media?parent=567"}],"wp:term":[{"taxonomy":"product_brand","embeddable":true,"href":"https:\/\/solucionsolar.cl\/solar\/wp-json\/wp\/v2\/product_brand?post=567"},{"taxonomy":"product_cat","embeddable":true,"href":"https:\/\/solucionsolar.cl\/solar\/wp-json\/wp\/v2\/product_cat?post=567"},{"taxonomy":"product_tag","embeddable":true,"href":"https:\/\/solucionsolar.cl\/solar\/wp-json\/wp\/v2\/product_tag?post=567"}],"curies":[{"name":"wp","href":"https:\/\/api.w.org\/{rel}","templated":true}]}}