{"id":579,"date":"2023-05-13T22:32:51","date_gmt":"2023-05-13T22:32:51","guid":{"rendered":"https:\/\/solucionsolar.cl\/solar\/producto\/caja-para-empalme-reducida-7010-drd-med-disco-riel-din\/"},"modified":"2023-05-13T22:32:51","modified_gmt":"2023-05-13T22:32:51","slug":"caja-para-empalme-reducida-7010-drd-med-disco-riel-din","status":"publish","type":"product","link":"https:\/\/solucionsolar.cl\/solar\/producto\/caja-para-empalme-reducida-7010-drd-med-disco-riel-din\/","title":{"rendered":"Caja para empalme reducida 7010-DRD med. disco (Riel DIN)"},"content":{"rendered":"<p>La caja para empalme reducida 7010-DRD con disco de medici\u00f3n (Riel DIN) es un dispositivo el\u00e9ctrico dise\u00f1ado para conectar y proteger cables el\u00e9ctricos en entornos industriales y comerciales. Esta caja de empalme est\u00e1 dise\u00f1ada para ser montada en un riel DIN y cuenta con un disco de medici\u00f3n para asegurar la correcta conexi\u00f3n el\u00e9ctrica.<\/p>\n","protected":false},"excerpt":{"rendered":"<p>La caja para empalme reducida 7010-DRD con disco de medici\u00f3n (Riel DIN) es un dispositivo el\u00e9ctrico dise\u00f1ado para conectar y proteger cables el\u00e9ctricos en entornos industriales y comerciales. Esta caja de empalme est\u00e1 dise\u00f1ada para ser montada en un riel DIN y cuenta con un disco de medici\u00f3n para asegurar la correcta conexi\u00f3n el\u00e9ctrica.<\/p>\n","protected":false},"featured_media":578,"comment_status":"open","ping_status":"closed","template":"","meta":{"_joinchat":[]},"product_brand":[],"product_cat":[40,26],"product_tag":[],"class_list":{"0":"post-579","1":"product","2":"type-product","3":"status-publish","4":"has-post-thumbnail","6":"product_cat-caja-para-empalme","7":"product_cat-empalmes","9":"first","10":"instock","11":"shipping-taxable","12":"purchasable","13":"product-type-simple"},"ams_default_variation_id":0,"ams_product_points_reward":[],"ams_product_discount_percentage":0,"ams_price_to_display":25900,"ams_acf":[],"jetpack_sharing_enabled":true,"_links":{"self":[{"href":"https:\/\/solucionsolar.cl\/solar\/wp-json\/wp\/v2\/product\/579","targetHints":{"allow":["GET"]}}],"collection":[{"href":"https:\/\/solucionsolar.cl\/solar\/wp-json\/wp\/v2\/product"}],"about":[{"href":"https:\/\/solucionsolar.cl\/solar\/wp-json\/wp\/v2\/types\/product"}],"replies":[{"embeddable":true,"href":"https:\/\/solucionsolar.cl\/solar\/wp-json\/wp\/v2\/comments?post=579"}],"wp:featuredmedia":[{"embeddable":true,"href":"https:\/\/solucionsolar.cl\/solar\/wp-json\/wp\/v2\/media\/578"}],"wp:attachment":[{"href":"https:\/\/solucionsolar.cl\/solar\/wp-json\/wp\/v2\/media?parent=579"}],"wp:term":[{"taxonomy":"product_brand","embeddable":true,"href":"https:\/\/solucionsolar.cl\/solar\/wp-json\/wp\/v2\/product_brand?post=579"},{"taxonomy":"product_cat","embeddable":true,"href":"https:\/\/solucionsolar.cl\/solar\/wp-json\/wp\/v2\/product_cat?post=579"},{"taxonomy":"product_tag","embeddable":true,"href":"https:\/\/solucionsolar.cl\/solar\/wp-json\/wp\/v2\/product_tag?post=579"}],"curies":[{"name":"wp","href":"https:\/\/api.w.org\/{rel}","templated":true}]}}