{"id":583,"date":"2023-05-13T22:32:55","date_gmt":"2023-05-13T22:32:55","guid":{"rendered":"https:\/\/solucionsolar.cl\/solar\/producto\/tablero-empotrado-pvc-6-polos-lexo\/"},"modified":"2023-05-13T22:32:55","modified_gmt":"2023-05-13T22:32:55","slug":"tablero-empotrado-pvc-6-polos-lexo","status":"publish","type":"product","link":"https:\/\/solucionsolar.cl\/solar\/producto\/tablero-empotrado-pvc-6-polos-lexo\/","title":{"rendered":"Tablero empotrado pvc 6 polos LEXO"},"content":{"rendered":"<p>Dise\u00f1ados para distribu\u00edr la energ\u00eda el\u00e9ctrica y para el montaje de los elementos de protecci\u00f3n de una instalaci\u00f3n. construidos en pl\u00e1stico ignifugo de alto impacto segun norma IEC 60695-2-10.<\/p>\n","protected":false},"excerpt":{"rendered":"<p>Dise\u00f1ados para distribu\u00edr la energ\u00eda el\u00e9ctrica y para el montaje de los elementos de protecci\u00f3n de una instalaci\u00f3n. construidos en pl\u00e1stico ignifugo de alto impacto segun norma IEC 60695-2-10.<\/p>\n","protected":false},"featured_media":582,"comment_status":"open","ping_status":"closed","template":"","meta":{"_joinchat":[]},"product_brand":[],"product_cat":[16],"product_tag":[],"class_list":{"0":"post-583","1":"product","2":"type-product","3":"status-publish","4":"has-post-thumbnail","6":"product_cat-electricidad","8":"first","9":"instock","10":"shipping-taxable","11":"purchasable","12":"product-type-simple"},"ams_default_variation_id":0,"ams_product_points_reward":[],"ams_product_discount_percentage":0,"ams_price_to_display":6500,"ams_acf":[],"jetpack_sharing_enabled":true,"_links":{"self":[{"href":"https:\/\/solucionsolar.cl\/solar\/wp-json\/wp\/v2\/product\/583","targetHints":{"allow":["GET"]}}],"collection":[{"href":"https:\/\/solucionsolar.cl\/solar\/wp-json\/wp\/v2\/product"}],"about":[{"href":"https:\/\/solucionsolar.cl\/solar\/wp-json\/wp\/v2\/types\/product"}],"replies":[{"embeddable":true,"href":"https:\/\/solucionsolar.cl\/solar\/wp-json\/wp\/v2\/comments?post=583"}],"wp:featuredmedia":[{"embeddable":true,"href":"https:\/\/solucionsolar.cl\/solar\/wp-json\/wp\/v2\/media\/582"}],"wp:attachment":[{"href":"https:\/\/solucionsolar.cl\/solar\/wp-json\/wp\/v2\/media?parent=583"}],"wp:term":[{"taxonomy":"product_brand","embeddable":true,"href":"https:\/\/solucionsolar.cl\/solar\/wp-json\/wp\/v2\/product_brand?post=583"},{"taxonomy":"product_cat","embeddable":true,"href":"https:\/\/solucionsolar.cl\/solar\/wp-json\/wp\/v2\/product_cat?post=583"},{"taxonomy":"product_tag","embeddable":true,"href":"https:\/\/solucionsolar.cl\/solar\/wp-json\/wp\/v2\/product_tag?post=583"}],"curies":[{"name":"wp","href":"https:\/\/api.w.org\/{rel}","templated":true}]}}