{"id":59,"date":"2023-05-13T22:20:34","date_gmt":"2023-05-13T22:20:34","guid":{"rendered":"https:\/\/solucionsolar.cl\/solar\/producto\/tubo-metalico-rigido-emt-25mm-3mt\/"},"modified":"2023-05-13T22:20:34","modified_gmt":"2023-05-13T22:20:34","slug":"tubo-metalico-rigido-emt-25mm-3mt","status":"publish","type":"product","link":"https:\/\/solucionsolar.cl\/solar\/producto\/tubo-metalico-rigido-emt-25mm-3mt\/","title":{"rendered":"Tubo met\u00e1lico r\u00edgido EMT 25mm 3mt"},"content":{"rendered":"<p>El tubo met\u00e1lico r\u00edgido EMT de 25mm y 3 metros es un tubo de metal el\u00e9ctrico utilizado en instalaciones el\u00e9ctricas para proteger y enrutamiento de cables y conductores el\u00e9ctricos. Est\u00e1 hecho de acero galvanizado, lo que significa que es resistente a la corrosi\u00f3n y es duradero en entornos dif\u00edciles. El tubo tiene un di\u00e1metro interno de 25mm y una longitud de 3 metros, lo que proporciona suficiente espacio para la instalaci\u00f3n de cables y conductores.<\/p>\n","protected":false},"excerpt":{"rendered":"<p>El tubo met\u00e1lico r\u00edgido EMT de 25mm y 3 metros es un tubo de metal el\u00e9ctrico utilizado en instalaciones el\u00e9ctricas para proteger y enrutamiento de cables y conductores el\u00e9ctricos. Est\u00e1 hecho de acero galvanizado, lo que significa que es resistente a la corrosi\u00f3n y es duradero en entornos dif\u00edciles. El tubo tiene un di\u00e1metro interno de 25mm y una longitud [&hellip;]<\/p>\n","protected":false},"featured_media":58,"comment_status":"open","ping_status":"closed","template":"","meta":{"_joinchat":[]},"product_brand":[],"product_cat":[17],"product_tag":[],"class_list":{"0":"post-59","1":"product","2":"type-product","3":"status-publish","4":"has-post-thumbnail","6":"product_cat-ferreteria","8":"first","9":"instock","10":"shipping-taxable","11":"purchasable","12":"product-type-simple"},"ams_default_variation_id":0,"ams_product_points_reward":[],"ams_product_discount_percentage":0,"ams_price_to_display":5600,"ams_acf":[],"jetpack_sharing_enabled":true,"_links":{"self":[{"href":"https:\/\/solucionsolar.cl\/solar\/wp-json\/wp\/v2\/product\/59","targetHints":{"allow":["GET"]}}],"collection":[{"href":"https:\/\/solucionsolar.cl\/solar\/wp-json\/wp\/v2\/product"}],"about":[{"href":"https:\/\/solucionsolar.cl\/solar\/wp-json\/wp\/v2\/types\/product"}],"replies":[{"embeddable":true,"href":"https:\/\/solucionsolar.cl\/solar\/wp-json\/wp\/v2\/comments?post=59"}],"wp:featuredmedia":[{"embeddable":true,"href":"https:\/\/solucionsolar.cl\/solar\/wp-json\/wp\/v2\/media\/58"}],"wp:attachment":[{"href":"https:\/\/solucionsolar.cl\/solar\/wp-json\/wp\/v2\/media?parent=59"}],"wp:term":[{"taxonomy":"product_brand","embeddable":true,"href":"https:\/\/solucionsolar.cl\/solar\/wp-json\/wp\/v2\/product_brand?post=59"},{"taxonomy":"product_cat","embeddable":true,"href":"https:\/\/solucionsolar.cl\/solar\/wp-json\/wp\/v2\/product_cat?post=59"},{"taxonomy":"product_tag","embeddable":true,"href":"https:\/\/solucionsolar.cl\/solar\/wp-json\/wp\/v2\/product_tag?post=59"}],"curies":[{"name":"wp","href":"https:\/\/api.w.org\/{rel}","templated":true}]}}