{"id":591,"date":"2023-05-13T22:33:08","date_gmt":"2023-05-13T22:33:08","guid":{"rendered":"https:\/\/solucionsolar.cl\/solar\/producto\/modulo-interruptor-9-12-10a-blanco-lexo\/"},"modified":"2023-05-13T22:33:08","modified_gmt":"2023-05-13T22:33:08","slug":"modulo-interruptor-9-12-10a-blanco-lexo","status":"publish","type":"product","link":"https:\/\/solucionsolar.cl\/solar\/producto\/modulo-interruptor-9-12-10a-blanco-lexo\/","title":{"rendered":"M\u00f3dulo interruptor 9\/12 10A Blanco LEXO"},"content":{"rendered":"<p>El m\u00f3dulo interruptor 9\/12 10A Blanco LEXO es un dispositivo el\u00e9ctrico utilizado para controlar la corriente que fluye en un circuito el\u00e9ctrico. Tiene capacidad para soportar hasta 10 amperios de corriente y cuenta con 9 o 12 puntos de conexi\u00f3n, dependiendo de la configuraci\u00f3n seleccionada.<\/p>\n","protected":false},"excerpt":{"rendered":"<p>El m\u00f3dulo interruptor 9\/12 10A Blanco LEXO es un dispositivo el\u00e9ctrico utilizado para controlar la corriente que fluye en un circuito el\u00e9ctrico. Tiene capacidad para soportar hasta 10 amperios de corriente y cuenta con 9 o 12 puntos de conexi\u00f3n, dependiendo de la configuraci\u00f3n seleccionada.<\/p>\n","protected":false},"featured_media":590,"comment_status":"open","ping_status":"closed","template":"","meta":{"_joinchat":[]},"product_brand":[],"product_cat":[16],"product_tag":[],"class_list":{"0":"post-591","1":"product","2":"type-product","3":"status-publish","4":"has-post-thumbnail","6":"product_cat-electricidad","8":"first","9":"instock","10":"shipping-taxable","11":"purchasable","12":"product-type-simple"},"ams_default_variation_id":0,"ams_product_points_reward":[],"ams_product_discount_percentage":0,"ams_price_to_display":850,"ams_acf":[],"jetpack_sharing_enabled":true,"_links":{"self":[{"href":"https:\/\/solucionsolar.cl\/solar\/wp-json\/wp\/v2\/product\/591","targetHints":{"allow":["GET"]}}],"collection":[{"href":"https:\/\/solucionsolar.cl\/solar\/wp-json\/wp\/v2\/product"}],"about":[{"href":"https:\/\/solucionsolar.cl\/solar\/wp-json\/wp\/v2\/types\/product"}],"replies":[{"embeddable":true,"href":"https:\/\/solucionsolar.cl\/solar\/wp-json\/wp\/v2\/comments?post=591"}],"wp:featuredmedia":[{"embeddable":true,"href":"https:\/\/solucionsolar.cl\/solar\/wp-json\/wp\/v2\/media\/590"}],"wp:attachment":[{"href":"https:\/\/solucionsolar.cl\/solar\/wp-json\/wp\/v2\/media?parent=591"}],"wp:term":[{"taxonomy":"product_brand","embeddable":true,"href":"https:\/\/solucionsolar.cl\/solar\/wp-json\/wp\/v2\/product_brand?post=591"},{"taxonomy":"product_cat","embeddable":true,"href":"https:\/\/solucionsolar.cl\/solar\/wp-json\/wp\/v2\/product_cat?post=591"},{"taxonomy":"product_tag","embeddable":true,"href":"https:\/\/solucionsolar.cl\/solar\/wp-json\/wp\/v2\/product_tag?post=591"}],"curies":[{"name":"wp","href":"https:\/\/api.w.org\/{rel}","templated":true}]}}