{"id":595,"date":"2023-05-13T22:33:12","date_gmt":"2023-05-13T22:33:12","guid":{"rendered":"https:\/\/solucionsolar.cl\/solar\/producto\/cable-de-aluminio-preensamblado-1x2525mm2-aislado-2x25\/"},"modified":"2023-05-13T22:33:12","modified_gmt":"2023-05-13T22:33:12","slug":"cable-de-aluminio-preensamblado-1x2525mm2-aislado-2x25","status":"publish","type":"product","link":"https:\/\/solucionsolar.cl\/solar\/producto\/cable-de-aluminio-preensamblado-1x2525mm2-aislado-2x25\/","title":{"rendered":"Cable de aluminio preensamblado 1&#215;25+25mm2 aislado (2&#215;25)"},"content":{"rendered":"<p>Los Conductores para Pre ensamblado est\u00e1n constituido por uno o varios conductores de aluminio puro, cuya funci\u00f3n es transportar la corriente el\u00e9ctrica. y un conductor neutro o cable mensajero de aluminio que adem\u00e1s asume la funci\u00f3n mec\u00e1nica. Todos recubiertos por una capa de polietileno reticulado (XLPE).<\/p>\n","protected":false},"excerpt":{"rendered":"<p>Los Conductores para Pre ensamblado est\u00e1n constituido por uno o varios conductores de aluminio puro, cuya funci\u00f3n es transportar la corriente el\u00e9ctrica. y un conductor neutro o cable mensajero de aluminio que adem\u00e1s asume la funci\u00f3n mec\u00e1nica. Todos recubiertos por una capa de polietileno reticulado (XLPE).<\/p>\n","protected":false},"featured_media":594,"comment_status":"open","ping_status":"closed","template":"","meta":{"_joinchat":[]},"product_brand":[],"product_cat":[42,26],"product_tag":[],"class_list":{"0":"post-595","1":"product","2":"type-product","3":"status-publish","4":"has-post-thumbnail","6":"product_cat-conductores","7":"product_cat-empalmes","9":"first","10":"instock","11":"shipping-taxable","12":"purchasable","13":"product-type-simple"},"ams_default_variation_id":0,"ams_product_points_reward":[],"ams_product_discount_percentage":0,"ams_price_to_display":1300,"ams_acf":[],"jetpack_sharing_enabled":true,"_links":{"self":[{"href":"https:\/\/solucionsolar.cl\/solar\/wp-json\/wp\/v2\/product\/595","targetHints":{"allow":["GET"]}}],"collection":[{"href":"https:\/\/solucionsolar.cl\/solar\/wp-json\/wp\/v2\/product"}],"about":[{"href":"https:\/\/solucionsolar.cl\/solar\/wp-json\/wp\/v2\/types\/product"}],"replies":[{"embeddable":true,"href":"https:\/\/solucionsolar.cl\/solar\/wp-json\/wp\/v2\/comments?post=595"}],"wp:featuredmedia":[{"embeddable":true,"href":"https:\/\/solucionsolar.cl\/solar\/wp-json\/wp\/v2\/media\/594"}],"wp:attachment":[{"href":"https:\/\/solucionsolar.cl\/solar\/wp-json\/wp\/v2\/media?parent=595"}],"wp:term":[{"taxonomy":"product_brand","embeddable":true,"href":"https:\/\/solucionsolar.cl\/solar\/wp-json\/wp\/v2\/product_brand?post=595"},{"taxonomy":"product_cat","embeddable":true,"href":"https:\/\/solucionsolar.cl\/solar\/wp-json\/wp\/v2\/product_cat?post=595"},{"taxonomy":"product_tag","embeddable":true,"href":"https:\/\/solucionsolar.cl\/solar\/wp-json\/wp\/v2\/product_tag?post=595"}],"curies":[{"name":"wp","href":"https:\/\/api.w.org\/{rel}","templated":true}]}}