{"id":605,"date":"2023-05-13T22:33:31","date_gmt":"2023-05-13T22:33:31","guid":{"rendered":"https:\/\/solucionsolar.cl\/solar\/producto\/cable-h05vv-f-3x1mm-negro-gris-100mt\/"},"modified":"2023-05-13T22:33:31","modified_gmt":"2023-05-13T22:33:31","slug":"cable-h05vv-f-3x1mm-negro-gris-100mt","status":"publish","type":"product","link":"https:\/\/solucionsolar.cl\/solar\/producto\/cable-h05vv-f-3x1mm-negro-gris-100mt\/","title":{"rendered":"Cable H05VV-F 3x1mm Negro\/Gris 100mt"},"content":{"rendered":"<p>El Cable H05VV-F 3x1mm Negro\/Gris 100mt es un cable el\u00e9ctrico con tres conductores de cobre esta\u00f1ado de 1mm de di\u00e1metro cada uno, revestidos con una capa de PVC de color negro y gris. Es adecuado para una tensi\u00f3n nominal de hasta 300V y una corriente m\u00e1xima de 10A.<\/p>\n","protected":false},"excerpt":{"rendered":"<p>El Cable H05VV-F 3x1mm Negro\/Gris 100mt es un cable el\u00e9ctrico con tres conductores de cobre esta\u00f1ado de 1mm de di\u00e1metro cada uno, revestidos con una capa de PVC de color negro y gris. Es adecuado para una tensi\u00f3n nominal de hasta 300V y una corriente m\u00e1xima de 10A.<\/p>\n","protected":false},"featured_media":604,"comment_status":"open","ping_status":"closed","template":"","meta":{"_joinchat":[]},"product_brand":[],"product_cat":[18,16],"product_tag":[],"class_list":{"0":"post-605","1":"product","2":"type-product","3":"status-publish","4":"has-post-thumbnail","6":"product_cat-cables","7":"product_cat-electricidad","9":"first","10":"instock","11":"shipping-taxable","12":"purchasable","13":"product-type-simple"},"ams_default_variation_id":0,"ams_product_points_reward":[],"ams_product_discount_percentage":0,"ams_price_to_display":64000,"ams_acf":[],"jetpack_sharing_enabled":true,"_links":{"self":[{"href":"https:\/\/solucionsolar.cl\/solar\/wp-json\/wp\/v2\/product\/605","targetHints":{"allow":["GET"]}}],"collection":[{"href":"https:\/\/solucionsolar.cl\/solar\/wp-json\/wp\/v2\/product"}],"about":[{"href":"https:\/\/solucionsolar.cl\/solar\/wp-json\/wp\/v2\/types\/product"}],"replies":[{"embeddable":true,"href":"https:\/\/solucionsolar.cl\/solar\/wp-json\/wp\/v2\/comments?post=605"}],"wp:featuredmedia":[{"embeddable":true,"href":"https:\/\/solucionsolar.cl\/solar\/wp-json\/wp\/v2\/media\/604"}],"wp:attachment":[{"href":"https:\/\/solucionsolar.cl\/solar\/wp-json\/wp\/v2\/media?parent=605"}],"wp:term":[{"taxonomy":"product_brand","embeddable":true,"href":"https:\/\/solucionsolar.cl\/solar\/wp-json\/wp\/v2\/product_brand?post=605"},{"taxonomy":"product_cat","embeddable":true,"href":"https:\/\/solucionsolar.cl\/solar\/wp-json\/wp\/v2\/product_cat?post=605"},{"taxonomy":"product_tag","embeddable":true,"href":"https:\/\/solucionsolar.cl\/solar\/wp-json\/wp\/v2\/product_tag?post=605"}],"curies":[{"name":"wp","href":"https:\/\/api.w.org\/{rel}","templated":true}]}}