{"id":609,"date":"2023-05-13T22:33:41","date_gmt":"2023-05-13T22:33:41","guid":{"rendered":"https:\/\/solucionsolar.cl\/solar\/producto\/cable-superflex-10awg-rv-k-1mt\/"},"modified":"2023-05-13T22:33:41","modified_gmt":"2023-05-13T22:33:41","slug":"cable-superflex-10awg-rv-k-1mt","status":"publish","type":"product","link":"https:\/\/solucionsolar.cl\/solar\/producto\/cable-superflex-10awg-rv-k-1mt\/","title":{"rendered":"Cable Superflex 10AWG RV-K 1mt"},"content":{"rendered":"<p>El Cable Superflex 10AWG RV-K 1mt es un cable el\u00e9ctrico de cobre de alta flexibilidad con un di\u00e1metro de 10 AWG y una longitud de 1 metro. El cable est\u00e1 revestido con una cubierta de PVC resistente al calor y al aceite, lo que lo hace adecuado para su uso en entornos dif\u00edciles y exigentes.<\/p>\n","protected":false},"excerpt":{"rendered":"<p>El Cable Superflex 10AWG RV-K 1mt es un cable el\u00e9ctrico de cobre de alta flexibilidad con un di\u00e1metro de 10 AWG y una longitud de 1 metro. El cable est\u00e1 revestido con una cubierta de PVC resistente al calor y al aceite, lo que lo hace adecuado para su uso en entornos dif\u00edciles y exigentes.<\/p>\n","protected":false},"featured_media":608,"comment_status":"open","ping_status":"closed","template":"","meta":{"_joinchat":[]},"product_brand":[],"product_cat":[18,16],"product_tag":[],"class_list":{"0":"post-609","1":"product","2":"type-product","3":"status-publish","4":"has-post-thumbnail","6":"product_cat-cables","7":"product_cat-electricidad","9":"first","10":"instock","11":"shipping-taxable","12":"purchasable","13":"product-type-simple"},"ams_default_variation_id":0,"ams_product_points_reward":[],"ams_product_discount_percentage":0,"ams_price_to_display":1100,"ams_acf":[],"jetpack_sharing_enabled":true,"_links":{"self":[{"href":"https:\/\/solucionsolar.cl\/solar\/wp-json\/wp\/v2\/product\/609","targetHints":{"allow":["GET"]}}],"collection":[{"href":"https:\/\/solucionsolar.cl\/solar\/wp-json\/wp\/v2\/product"}],"about":[{"href":"https:\/\/solucionsolar.cl\/solar\/wp-json\/wp\/v2\/types\/product"}],"replies":[{"embeddable":true,"href":"https:\/\/solucionsolar.cl\/solar\/wp-json\/wp\/v2\/comments?post=609"}],"wp:featuredmedia":[{"embeddable":true,"href":"https:\/\/solucionsolar.cl\/solar\/wp-json\/wp\/v2\/media\/608"}],"wp:attachment":[{"href":"https:\/\/solucionsolar.cl\/solar\/wp-json\/wp\/v2\/media?parent=609"}],"wp:term":[{"taxonomy":"product_brand","embeddable":true,"href":"https:\/\/solucionsolar.cl\/solar\/wp-json\/wp\/v2\/product_brand?post=609"},{"taxonomy":"product_cat","embeddable":true,"href":"https:\/\/solucionsolar.cl\/solar\/wp-json\/wp\/v2\/product_cat?post=609"},{"taxonomy":"product_tag","embeddable":true,"href":"https:\/\/solucionsolar.cl\/solar\/wp-json\/wp\/v2\/product_tag?post=609"}],"curies":[{"name":"wp","href":"https:\/\/api.w.org\/{rel}","templated":true}]}}