{"id":617,"date":"2023-05-13T22:33:59","date_gmt":"2023-05-13T22:33:59","guid":{"rendered":"https:\/\/solucionsolar.cl\/solar\/producto\/placa-ciega-color-champagne-rosa-lexo\/"},"modified":"2023-05-13T22:33:59","modified_gmt":"2023-05-13T22:33:59","slug":"placa-ciega-color-champagne-rosa-lexo","status":"publish","type":"product","link":"https:\/\/solucionsolar.cl\/solar\/producto\/placa-ciega-color-champagne-rosa-lexo\/","title":{"rendered":"Placa ciega color Champagne Rosa LEXO"},"content":{"rendered":"<p>La placa ciega color Champagne Rosa LEXO es un componente de conectividad dise\u00f1ado para cubrir una caja de conexi\u00f3n el\u00e9ctrica y proporcionar un acabado limpio y est\u00e9tico en instalaciones el\u00e9ctricas residenciales o comerciales. Esta placa est\u00e1 fabricada con material termopl\u00e1stico de alta calidad y resistencia, con un acabado brillante que proporciona una apariencia elegante y moderna.<\/p>\n","protected":false},"excerpt":{"rendered":"<p>La placa ciega color Champagne Rosa LEXO es un componente de conectividad dise\u00f1ado para cubrir una caja de conexi\u00f3n el\u00e9ctrica y proporcionar un acabado limpio y est\u00e9tico en instalaciones el\u00e9ctricas residenciales o comerciales. Esta placa est\u00e1 fabricada con material termopl\u00e1stico de alta calidad y resistencia, con un acabado brillante que proporciona una apariencia elegante y moderna.<\/p>\n","protected":false},"featured_media":616,"comment_status":"open","ping_status":"closed","template":"","meta":{"_joinchat":[]},"product_brand":[],"product_cat":[16],"product_tag":[],"class_list":{"0":"post-617","1":"product","2":"type-product","3":"status-publish","4":"has-post-thumbnail","6":"product_cat-electricidad","8":"first","9":"instock","10":"shipping-taxable","11":"purchasable","12":"product-type-simple"},"ams_default_variation_id":0,"ams_product_points_reward":[],"ams_product_discount_percentage":0,"ams_price_to_display":800,"ams_acf":[],"jetpack_sharing_enabled":true,"_links":{"self":[{"href":"https:\/\/solucionsolar.cl\/solar\/wp-json\/wp\/v2\/product\/617","targetHints":{"allow":["GET"]}}],"collection":[{"href":"https:\/\/solucionsolar.cl\/solar\/wp-json\/wp\/v2\/product"}],"about":[{"href":"https:\/\/solucionsolar.cl\/solar\/wp-json\/wp\/v2\/types\/product"}],"replies":[{"embeddable":true,"href":"https:\/\/solucionsolar.cl\/solar\/wp-json\/wp\/v2\/comments?post=617"}],"wp:featuredmedia":[{"embeddable":true,"href":"https:\/\/solucionsolar.cl\/solar\/wp-json\/wp\/v2\/media\/616"}],"wp:attachment":[{"href":"https:\/\/solucionsolar.cl\/solar\/wp-json\/wp\/v2\/media?parent=617"}],"wp:term":[{"taxonomy":"product_brand","embeddable":true,"href":"https:\/\/solucionsolar.cl\/solar\/wp-json\/wp\/v2\/product_brand?post=617"},{"taxonomy":"product_cat","embeddable":true,"href":"https:\/\/solucionsolar.cl\/solar\/wp-json\/wp\/v2\/product_cat?post=617"},{"taxonomy":"product_tag","embeddable":true,"href":"https:\/\/solucionsolar.cl\/solar\/wp-json\/wp\/v2\/product_tag?post=617"}],"curies":[{"name":"wp","href":"https:\/\/api.w.org\/{rel}","templated":true}]}}