{"id":619,"date":"2023-05-13T22:34:04","date_gmt":"2023-05-13T22:34:04","guid":{"rendered":"https:\/\/solucionsolar.cl\/solar\/producto\/placa-2-modulos-color-titanio-lexo\/"},"modified":"2023-05-13T22:34:04","modified_gmt":"2023-05-13T22:34:04","slug":"placa-2-modulos-color-titanio-lexo","status":"publish","type":"product","link":"https:\/\/solucionsolar.cl\/solar\/producto\/placa-2-modulos-color-titanio-lexo\/","title":{"rendered":"Placa 2 m\u00f3dulos color Titanio LEXO"},"content":{"rendered":"<p>La Placa 2 m\u00f3dulos color Titanio LEXO es un componente el\u00e9ctrico dise\u00f1ado para ser instalado en una caja de registro el\u00e9ctrico. Su tama\u00f1o es de dos m\u00f3dulos, lo que significa que ocupa el espacio equivalente a dos interruptores o enchufes.<\/p>\n","protected":false},"excerpt":{"rendered":"<p>La Placa 2 m\u00f3dulos color Titanio LEXO es un componente el\u00e9ctrico dise\u00f1ado para ser instalado en una caja de registro el\u00e9ctrico. Su tama\u00f1o es de dos m\u00f3dulos, lo que significa que ocupa el espacio equivalente a dos interruptores o enchufes.<\/p>\n","protected":false},"featured_media":618,"comment_status":"open","ping_status":"closed","template":"","meta":{"_joinchat":[]},"product_brand":[],"product_cat":[16],"product_tag":[],"class_list":{"0":"post-619","1":"product","2":"type-product","3":"status-publish","4":"has-post-thumbnail","6":"product_cat-electricidad","8":"first","9":"instock","10":"shipping-taxable","11":"purchasable","12":"product-type-simple"},"ams_default_variation_id":0,"ams_product_points_reward":[],"ams_product_discount_percentage":0,"ams_price_to_display":800,"ams_acf":[],"jetpack_sharing_enabled":true,"_links":{"self":[{"href":"https:\/\/solucionsolar.cl\/solar\/wp-json\/wp\/v2\/product\/619","targetHints":{"allow":["GET"]}}],"collection":[{"href":"https:\/\/solucionsolar.cl\/solar\/wp-json\/wp\/v2\/product"}],"about":[{"href":"https:\/\/solucionsolar.cl\/solar\/wp-json\/wp\/v2\/types\/product"}],"replies":[{"embeddable":true,"href":"https:\/\/solucionsolar.cl\/solar\/wp-json\/wp\/v2\/comments?post=619"}],"wp:featuredmedia":[{"embeddable":true,"href":"https:\/\/solucionsolar.cl\/solar\/wp-json\/wp\/v2\/media\/618"}],"wp:attachment":[{"href":"https:\/\/solucionsolar.cl\/solar\/wp-json\/wp\/v2\/media?parent=619"}],"wp:term":[{"taxonomy":"product_brand","embeddable":true,"href":"https:\/\/solucionsolar.cl\/solar\/wp-json\/wp\/v2\/product_brand?post=619"},{"taxonomy":"product_cat","embeddable":true,"href":"https:\/\/solucionsolar.cl\/solar\/wp-json\/wp\/v2\/product_cat?post=619"},{"taxonomy":"product_tag","embeddable":true,"href":"https:\/\/solucionsolar.cl\/solar\/wp-json\/wp\/v2\/product_tag?post=619"}],"curies":[{"name":"wp","href":"https:\/\/api.w.org\/{rel}","templated":true}]}}