{"id":621,"date":"2023-05-13T22:34:08","date_gmt":"2023-05-13T22:34:08","guid":{"rendered":"https:\/\/solucionsolar.cl\/solar\/producto\/alargador-zapatilla-6-tomas-3-mt-c-interruptor-blanco-cert-sec-lexo\/"},"modified":"2023-05-13T22:34:08","modified_gmt":"2023-05-13T22:34:08","slug":"alargador-zapatilla-6-tomas-3-mt-c-interruptor-blanco-cert-sec-lexo","status":"publish","type":"product","link":"https:\/\/solucionsolar.cl\/solar\/producto\/alargador-zapatilla-6-tomas-3-mt-c-interruptor-blanco-cert-sec-lexo\/","title":{"rendered":"Alargador zapatilla 6 tomas 3 mt c\/interruptor Blanco Cert SEC LEXO"},"content":{"rendered":"<p>El alargador zapatilla 6 tomas 3 mt c\/interruptor Blanco Cert SEC LEXO es un dispositivo de extensi\u00f3n el\u00e9ctrica que cuenta con seis tomas de corriente tipo zapatilla y un cable de tres metros de longitud. Adem\u00e1s, tiene un interruptor para encender o apagar todas las tomas a la vez y cuenta con certificaci\u00f3n SEC.<\/p>\n","protected":false},"excerpt":{"rendered":"<p>El alargador zapatilla 6 tomas 3 mt c\/interruptor Blanco Cert SEC LEXO es un dispositivo de extensi\u00f3n el\u00e9ctrica que cuenta con seis tomas de corriente tipo zapatilla y un cable de tres metros de longitud. Adem\u00e1s, tiene un interruptor para encender o apagar todas las tomas a la vez y cuenta con certificaci\u00f3n SEC.<\/p>\n","protected":false},"featured_media":620,"comment_status":"open","ping_status":"closed","template":"","meta":{"_joinchat":[]},"product_brand":[],"product_cat":[16],"product_tag":[],"class_list":{"0":"post-621","1":"product","2":"type-product","3":"status-publish","4":"has-post-thumbnail","6":"product_cat-electricidad","8":"first","9":"instock","10":"shipping-taxable","11":"purchasable","12":"product-type-simple"},"ams_default_variation_id":0,"ams_product_points_reward":[],"ams_product_discount_percentage":0,"ams_price_to_display":7500,"ams_acf":[],"jetpack_sharing_enabled":true,"_links":{"self":[{"href":"https:\/\/solucionsolar.cl\/solar\/wp-json\/wp\/v2\/product\/621","targetHints":{"allow":["GET"]}}],"collection":[{"href":"https:\/\/solucionsolar.cl\/solar\/wp-json\/wp\/v2\/product"}],"about":[{"href":"https:\/\/solucionsolar.cl\/solar\/wp-json\/wp\/v2\/types\/product"}],"replies":[{"embeddable":true,"href":"https:\/\/solucionsolar.cl\/solar\/wp-json\/wp\/v2\/comments?post=621"}],"wp:featuredmedia":[{"embeddable":true,"href":"https:\/\/solucionsolar.cl\/solar\/wp-json\/wp\/v2\/media\/620"}],"wp:attachment":[{"href":"https:\/\/solucionsolar.cl\/solar\/wp-json\/wp\/v2\/media?parent=621"}],"wp:term":[{"taxonomy":"product_brand","embeddable":true,"href":"https:\/\/solucionsolar.cl\/solar\/wp-json\/wp\/v2\/product_brand?post=621"},{"taxonomy":"product_cat","embeddable":true,"href":"https:\/\/solucionsolar.cl\/solar\/wp-json\/wp\/v2\/product_cat?post=621"},{"taxonomy":"product_tag","embeddable":true,"href":"https:\/\/solucionsolar.cl\/solar\/wp-json\/wp\/v2\/product_tag?post=621"}],"curies":[{"name":"wp","href":"https:\/\/api.w.org\/{rel}","templated":true}]}}