{"id":627,"date":"2023-05-13T22:34:16","date_gmt":"2023-05-13T22:34:16","guid":{"rendered":"https:\/\/solucionsolar.cl\/solar\/producto\/guardamotor-9-14a-660v-lexo\/"},"modified":"2023-05-13T22:34:16","modified_gmt":"2023-05-13T22:34:16","slug":"guardamotor-9-14a-660v-lexo","status":"publish","type":"product","link":"https:\/\/solucionsolar.cl\/solar\/producto\/guardamotor-9-14a-660v-lexo\/","title":{"rendered":"Guardamotor 9-14A 660V LEXO"},"content":{"rendered":"<p>El guardamotor 9-14A 660V LEXO es un dispositivo electromec\u00e1nico que combina un interruptor y un rel\u00e9 t\u00e9rmico, dise\u00f1ado para proteger motores el\u00e9ctricos trif\u00e1sicos de sobrecargas y cortocircuitos. Tiene una capacidad de corriente nominal de 9 a 14 amperios y puede manejar voltajes de hasta 660V.<\/p>\n","protected":false},"excerpt":{"rendered":"<p>El guardamotor 9-14A 660V LEXO es un dispositivo electromec\u00e1nico que combina un interruptor y un rel\u00e9 t\u00e9rmico, dise\u00f1ado para proteger motores el\u00e9ctricos trif\u00e1sicos de sobrecargas y cortocircuitos. Tiene una capacidad de corriente nominal de 9 a 14 amperios y puede manejar voltajes de hasta 660V.<\/p>\n","protected":false},"featured_media":626,"comment_status":"open","ping_status":"closed","template":"","meta":{"_joinchat":[]},"product_brand":[],"product_cat":[16],"product_tag":[],"class_list":{"0":"post-627","1":"product","2":"type-product","3":"status-publish","4":"has-post-thumbnail","6":"product_cat-electricidad","8":"first","9":"instock","10":"shipping-taxable","11":"purchasable","12":"product-type-simple"},"ams_default_variation_id":0,"ams_product_points_reward":[],"ams_product_discount_percentage":0,"ams_price_to_display":22000,"ams_acf":[],"jetpack_sharing_enabled":true,"_links":{"self":[{"href":"https:\/\/solucionsolar.cl\/solar\/wp-json\/wp\/v2\/product\/627","targetHints":{"allow":["GET"]}}],"collection":[{"href":"https:\/\/solucionsolar.cl\/solar\/wp-json\/wp\/v2\/product"}],"about":[{"href":"https:\/\/solucionsolar.cl\/solar\/wp-json\/wp\/v2\/types\/product"}],"replies":[{"embeddable":true,"href":"https:\/\/solucionsolar.cl\/solar\/wp-json\/wp\/v2\/comments?post=627"}],"wp:featuredmedia":[{"embeddable":true,"href":"https:\/\/solucionsolar.cl\/solar\/wp-json\/wp\/v2\/media\/626"}],"wp:attachment":[{"href":"https:\/\/solucionsolar.cl\/solar\/wp-json\/wp\/v2\/media?parent=627"}],"wp:term":[{"taxonomy":"product_brand","embeddable":true,"href":"https:\/\/solucionsolar.cl\/solar\/wp-json\/wp\/v2\/product_brand?post=627"},{"taxonomy":"product_cat","embeddable":true,"href":"https:\/\/solucionsolar.cl\/solar\/wp-json\/wp\/v2\/product_cat?post=627"},{"taxonomy":"product_tag","embeddable":true,"href":"https:\/\/solucionsolar.cl\/solar\/wp-json\/wp\/v2\/product_tag?post=627"}],"curies":[{"name":"wp","href":"https:\/\/api.w.org\/{rel}","templated":true}]}}