{"id":63,"date":"2023-05-13T22:20:39","date_gmt":"2023-05-13T22:20:39","guid":{"rendered":"https:\/\/solucionsolar.cl\/solar\/producto\/tubo-metalico-flexible-emt-25mm-mt\/"},"modified":"2023-05-13T22:20:39","modified_gmt":"2023-05-13T22:20:39","slug":"tubo-metalico-flexible-emt-25mm-mt","status":"publish","type":"product","link":"https:\/\/solucionsolar.cl\/solar\/producto\/tubo-metalico-flexible-emt-25mm-mt\/","title":{"rendered":"Tubo met\u00e1lico flexible EMT 25mm (mt)"},"content":{"rendered":"<p>El tubo met\u00e1lico flexible EMT de 25mm es un conducto utilizado en instalaciones el\u00e9ctricas para proteger y direccionar el cableado. Su construcci\u00f3n de acero galvanizado proporciona resistencia y durabilidad, mientras que su flexibilidad permite adaptarse a diferentes recorridos. Se vende en longitud de metros y es compatible con accesorios como conectores y curvas EMT. Es una opci\u00f3n popular para aplicaciones comerciales y residenciales de cableado el\u00e9ctrico.<\/p>\n","protected":false},"excerpt":{"rendered":"<p>El tubo met\u00e1lico flexible EMT de 25mm es un conducto utilizado en instalaciones el\u00e9ctricas para proteger y direccionar el cableado. Su construcci\u00f3n de acero galvanizado proporciona resistencia y durabilidad, mientras que su flexibilidad permite adaptarse a diferentes recorridos. Se vende en longitud de metros y es compatible con accesorios como conectores y curvas EMT. Es una opci\u00f3n popular para aplicaciones [&hellip;]<\/p>\n","protected":false},"featured_media":62,"comment_status":"open","ping_status":"closed","template":"","meta":{"_joinchat":[]},"product_brand":[],"product_cat":[17],"product_tag":[],"class_list":{"0":"post-63","1":"product","2":"type-product","3":"status-publish","4":"has-post-thumbnail","6":"product_cat-ferreteria","8":"first","9":"instock","10":"shipping-taxable","11":"purchasable","12":"product-type-simple"},"ams_default_variation_id":0,"ams_product_points_reward":[],"ams_product_discount_percentage":0,"ams_price_to_display":1800,"ams_acf":[],"jetpack_sharing_enabled":true,"_links":{"self":[{"href":"https:\/\/solucionsolar.cl\/solar\/wp-json\/wp\/v2\/product\/63","targetHints":{"allow":["GET"]}}],"collection":[{"href":"https:\/\/solucionsolar.cl\/solar\/wp-json\/wp\/v2\/product"}],"about":[{"href":"https:\/\/solucionsolar.cl\/solar\/wp-json\/wp\/v2\/types\/product"}],"replies":[{"embeddable":true,"href":"https:\/\/solucionsolar.cl\/solar\/wp-json\/wp\/v2\/comments?post=63"}],"wp:featuredmedia":[{"embeddable":true,"href":"https:\/\/solucionsolar.cl\/solar\/wp-json\/wp\/v2\/media\/62"}],"wp:attachment":[{"href":"https:\/\/solucionsolar.cl\/solar\/wp-json\/wp\/v2\/media?parent=63"}],"wp:term":[{"taxonomy":"product_brand","embeddable":true,"href":"https:\/\/solucionsolar.cl\/solar\/wp-json\/wp\/v2\/product_brand?post=63"},{"taxonomy":"product_cat","embeddable":true,"href":"https:\/\/solucionsolar.cl\/solar\/wp-json\/wp\/v2\/product_cat?post=63"},{"taxonomy":"product_tag","embeddable":true,"href":"https:\/\/solucionsolar.cl\/solar\/wp-json\/wp\/v2\/product_tag?post=63"}],"curies":[{"name":"wp","href":"https:\/\/api.w.org\/{rel}","templated":true}]}}