{"id":633,"date":"2023-05-13T22:34:33","date_gmt":"2023-05-13T22:34:33","guid":{"rendered":"https:\/\/solucionsolar.cl\/solar\/producto\/toma-corriente-simple-10a-blanco-lexo\/"},"modified":"2023-05-13T22:34:33","modified_gmt":"2023-05-13T22:34:33","slug":"toma-corriente-simple-10a-blanco-lexo","status":"publish","type":"product","link":"https:\/\/solucionsolar.cl\/solar\/producto\/toma-corriente-simple-10a-blanco-lexo\/","title":{"rendered":"Toma corriente Simple 10A Blanco LEXO"},"content":{"rendered":"<p>El tomacorriente simple 10A Blanco LEXO es un dispositivo el\u00e9ctrico dise\u00f1ado para proporcionar una conexi\u00f3n segura y confiable a la red el\u00e9ctrica de una vivienda o edificio. Tiene una capacidad nominal de corriente de 10 amperios y est\u00e1 dise\u00f1ado para ser instalado en una caja de pared est\u00e1ndar.<\/p>\n","protected":false},"excerpt":{"rendered":"<p>El tomacorriente simple 10A Blanco LEXO es un dispositivo el\u00e9ctrico dise\u00f1ado para proporcionar una conexi\u00f3n segura y confiable a la red el\u00e9ctrica de una vivienda o edificio. Tiene una capacidad nominal de corriente de 10 amperios y est\u00e1 dise\u00f1ado para ser instalado en una caja de pared est\u00e1ndar.<\/p>\n","protected":false},"featured_media":632,"comment_status":"open","ping_status":"closed","template":"","meta":{"_joinchat":[]},"product_brand":[],"product_cat":[16],"product_tag":[],"class_list":{"0":"post-633","1":"product","2":"type-product","3":"status-publish","4":"has-post-thumbnail","6":"product_cat-electricidad","8":"first","9":"instock","10":"shipping-taxable","11":"purchasable","12":"product-type-simple"},"ams_default_variation_id":0,"ams_product_points_reward":[],"ams_product_discount_percentage":0,"ams_price_to_display":1200,"ams_acf":[],"jetpack_sharing_enabled":true,"_links":{"self":[{"href":"https:\/\/solucionsolar.cl\/solar\/wp-json\/wp\/v2\/product\/633","targetHints":{"allow":["GET"]}}],"collection":[{"href":"https:\/\/solucionsolar.cl\/solar\/wp-json\/wp\/v2\/product"}],"about":[{"href":"https:\/\/solucionsolar.cl\/solar\/wp-json\/wp\/v2\/types\/product"}],"replies":[{"embeddable":true,"href":"https:\/\/solucionsolar.cl\/solar\/wp-json\/wp\/v2\/comments?post=633"}],"wp:featuredmedia":[{"embeddable":true,"href":"https:\/\/solucionsolar.cl\/solar\/wp-json\/wp\/v2\/media\/632"}],"wp:attachment":[{"href":"https:\/\/solucionsolar.cl\/solar\/wp-json\/wp\/v2\/media?parent=633"}],"wp:term":[{"taxonomy":"product_brand","embeddable":true,"href":"https:\/\/solucionsolar.cl\/solar\/wp-json\/wp\/v2\/product_brand?post=633"},{"taxonomy":"product_cat","embeddable":true,"href":"https:\/\/solucionsolar.cl\/solar\/wp-json\/wp\/v2\/product_cat?post=633"},{"taxonomy":"product_tag","embeddable":true,"href":"https:\/\/solucionsolar.cl\/solar\/wp-json\/wp\/v2\/product_tag?post=633"}],"curies":[{"name":"wp","href":"https:\/\/api.w.org\/{rel}","templated":true}]}}