{"id":637,"date":"2023-05-13T22:34:38","date_gmt":"2023-05-13T22:34:38","guid":{"rendered":"https:\/\/solucionsolar.cl\/solar\/producto\/toma-corriente-triple-10a-titanio-cafe-lexo-nuevo\/"},"modified":"2023-05-13T22:34:38","modified_gmt":"2023-05-13T22:34:38","slug":"toma-corriente-triple-10a-titanio-cafe-lexo-nuevo","status":"publish","type":"product","link":"https:\/\/solucionsolar.cl\/solar\/producto\/toma-corriente-triple-10a-titanio-cafe-lexo-nuevo\/","title":{"rendered":"Toma corriente Triple 10A Titanio\/caf\u00e9 LEXO NUEVO"},"content":{"rendered":"<p>El tomacorriente triple 10A Titanio\/caf\u00e9 LEXO NUEVO es un dispositivo el\u00e9ctrico dise\u00f1ado para permitir la conexi\u00f3n simult\u00e1nea de tres enchufes. Este modelo tiene una capacidad de corriente nominal de 10 amperios y est\u00e1 fabricado en un material resistente al fuego y al calor, en una combinaci\u00f3n de tonos titanio y caf\u00e9.<\/p>\n","protected":false},"excerpt":{"rendered":"<p>El tomacorriente triple 10A Titanio\/caf\u00e9 LEXO NUEVO es un dispositivo el\u00e9ctrico dise\u00f1ado para permitir la conexi\u00f3n simult\u00e1nea de tres enchufes. Este modelo tiene una capacidad de corriente nominal de 10 amperios y est\u00e1 fabricado en un material resistente al fuego y al calor, en una combinaci\u00f3n de tonos titanio y caf\u00e9.<\/p>\n","protected":false},"featured_media":636,"comment_status":"open","ping_status":"closed","template":"","meta":{"_joinchat":[]},"product_brand":[],"product_cat":[16],"product_tag":[],"class_list":{"0":"post-637","1":"product","2":"type-product","3":"status-publish","4":"has-post-thumbnail","6":"product_cat-electricidad","8":"first","9":"instock","10":"shipping-taxable","11":"purchasable","12":"product-type-simple"},"ams_default_variation_id":0,"ams_product_points_reward":[],"ams_product_discount_percentage":0,"ams_price_to_display":3800,"ams_acf":[],"jetpack_sharing_enabled":true,"_links":{"self":[{"href":"https:\/\/solucionsolar.cl\/solar\/wp-json\/wp\/v2\/product\/637","targetHints":{"allow":["GET"]}}],"collection":[{"href":"https:\/\/solucionsolar.cl\/solar\/wp-json\/wp\/v2\/product"}],"about":[{"href":"https:\/\/solucionsolar.cl\/solar\/wp-json\/wp\/v2\/types\/product"}],"replies":[{"embeddable":true,"href":"https:\/\/solucionsolar.cl\/solar\/wp-json\/wp\/v2\/comments?post=637"}],"wp:featuredmedia":[{"embeddable":true,"href":"https:\/\/solucionsolar.cl\/solar\/wp-json\/wp\/v2\/media\/636"}],"wp:attachment":[{"href":"https:\/\/solucionsolar.cl\/solar\/wp-json\/wp\/v2\/media?parent=637"}],"wp:term":[{"taxonomy":"product_brand","embeddable":true,"href":"https:\/\/solucionsolar.cl\/solar\/wp-json\/wp\/v2\/product_brand?post=637"},{"taxonomy":"product_cat","embeddable":true,"href":"https:\/\/solucionsolar.cl\/solar\/wp-json\/wp\/v2\/product_cat?post=637"},{"taxonomy":"product_tag","embeddable":true,"href":"https:\/\/solucionsolar.cl\/solar\/wp-json\/wp\/v2\/product_tag?post=637"}],"curies":[{"name":"wp","href":"https:\/\/api.w.org\/{rel}","templated":true}]}}