{"id":639,"date":"2023-05-13T22:34:40","date_gmt":"2023-05-13T22:34:40","guid":{"rendered":"https:\/\/solucionsolar.cl\/solar\/producto\/automatico-2x20a-10ka-c-ls-electric\/"},"modified":"2023-05-13T22:34:40","modified_gmt":"2023-05-13T22:34:40","slug":"automatico-2x20a-10ka-c-ls-electric","status":"publish","type":"product","link":"https:\/\/solucionsolar.cl\/solar\/producto\/automatico-2x20a-10ka-c-ls-electric\/","title":{"rendered":"Autom\u00e1tico 2x20A 10KA C LS ELECTRIC"},"content":{"rendered":"<p>El Autom\u00e1tico 2x20A 10KA C LS ELECTRIC es un dispositivo de protecci\u00f3n el\u00e9ctrica que se encarga de interrumpir el flujo de corriente el\u00e9ctrica en caso de una sobrecarga o cortocircuito en el circuito el\u00e9ctrico al que est\u00e1 conectado. Tiene una capacidad de interrupci\u00f3n de 10KA y es capaz de manejar una corriente m\u00e1xima de 20 amperios en dos polos.<\/p>\n","protected":false},"excerpt":{"rendered":"<p>El Autom\u00e1tico 2x20A 10KA C LS ELECTRIC es un dispositivo de protecci\u00f3n el\u00e9ctrica que se encarga de interrumpir el flujo de corriente el\u00e9ctrica en caso de una sobrecarga o cortocircuito en el circuito el\u00e9ctrico al que est\u00e1 conectado. Tiene una capacidad de interrupci\u00f3n de 10KA y es capaz de manejar una corriente m\u00e1xima de 20 amperios en dos polos.<\/p>\n","protected":false},"featured_media":638,"comment_status":"open","ping_status":"closed","template":"","meta":{"_joinchat":[]},"product_brand":[],"product_cat":[39,16],"product_tag":[],"class_list":{"0":"post-639","1":"product","2":"type-product","3":"status-publish","4":"has-post-thumbnail","6":"product_cat-automaticos","7":"product_cat-electricidad","9":"first","10":"instock","11":"shipping-taxable","12":"purchasable","13":"product-type-simple"},"ams_default_variation_id":0,"ams_product_points_reward":[],"ams_product_discount_percentage":0,"ams_price_to_display":11500,"ams_acf":[],"jetpack_sharing_enabled":true,"_links":{"self":[{"href":"https:\/\/solucionsolar.cl\/solar\/wp-json\/wp\/v2\/product\/639","targetHints":{"allow":["GET"]}}],"collection":[{"href":"https:\/\/solucionsolar.cl\/solar\/wp-json\/wp\/v2\/product"}],"about":[{"href":"https:\/\/solucionsolar.cl\/solar\/wp-json\/wp\/v2\/types\/product"}],"replies":[{"embeddable":true,"href":"https:\/\/solucionsolar.cl\/solar\/wp-json\/wp\/v2\/comments?post=639"}],"wp:featuredmedia":[{"embeddable":true,"href":"https:\/\/solucionsolar.cl\/solar\/wp-json\/wp\/v2\/media\/638"}],"wp:attachment":[{"href":"https:\/\/solucionsolar.cl\/solar\/wp-json\/wp\/v2\/media?parent=639"}],"wp:term":[{"taxonomy":"product_brand","embeddable":true,"href":"https:\/\/solucionsolar.cl\/solar\/wp-json\/wp\/v2\/product_brand?post=639"},{"taxonomy":"product_cat","embeddable":true,"href":"https:\/\/solucionsolar.cl\/solar\/wp-json\/wp\/v2\/product_cat?post=639"},{"taxonomy":"product_tag","embeddable":true,"href":"https:\/\/solucionsolar.cl\/solar\/wp-json\/wp\/v2\/product_tag?post=639"}],"curies":[{"name":"wp","href":"https:\/\/api.w.org\/{rel}","templated":true}]}}