{"id":647,"date":"2023-05-13T22:34:52","date_gmt":"2023-05-13T22:34:52","guid":{"rendered":"https:\/\/solucionsolar.cl\/solar\/producto\/regleta-plastica-de-conexion-6mm-10a-12p\/"},"modified":"2023-05-13T22:34:52","modified_gmt":"2023-05-13T22:34:52","slug":"regleta-plastica-de-conexion-6mm-10a-12p","status":"publish","type":"product","link":"https:\/\/solucionsolar.cl\/solar\/producto\/regleta-plastica-de-conexion-6mm-10a-12p\/","title":{"rendered":"Regleta pl\u00e1stica de conexi\u00f3n (6mm) 10A 12P"},"content":{"rendered":"<p>La regleta pl\u00e1stica de conexi\u00f3n (6mm) 10A 12P es un dispositivo el\u00e9ctrico que permite la conexi\u00f3n de hasta 12 conductores el\u00e9ctricos de 6mm de di\u00e1metro, con una capacidad m\u00e1xima de corriente de 10A.<\/p>\n","protected":false},"excerpt":{"rendered":"<p>La regleta pl\u00e1stica de conexi\u00f3n (6mm) 10A 12P es un dispositivo el\u00e9ctrico que permite la conexi\u00f3n de hasta 12 conductores el\u00e9ctricos de 6mm de di\u00e1metro, con una capacidad m\u00e1xima de corriente de 10A.<\/p>\n","protected":false},"featured_media":646,"comment_status":"open","ping_status":"closed","template":"","meta":{"_joinchat":[]},"product_brand":[],"product_cat":[16],"product_tag":[],"class_list":{"0":"post-647","1":"product","2":"type-product","3":"status-publish","4":"has-post-thumbnail","6":"product_cat-electricidad","8":"first","9":"instock","10":"shipping-taxable","11":"purchasable","12":"product-type-simple"},"ams_default_variation_id":0,"ams_product_points_reward":[],"ams_product_discount_percentage":0,"ams_price_to_display":450,"ams_acf":[],"jetpack_sharing_enabled":true,"_links":{"self":[{"href":"https:\/\/solucionsolar.cl\/solar\/wp-json\/wp\/v2\/product\/647","targetHints":{"allow":["GET"]}}],"collection":[{"href":"https:\/\/solucionsolar.cl\/solar\/wp-json\/wp\/v2\/product"}],"about":[{"href":"https:\/\/solucionsolar.cl\/solar\/wp-json\/wp\/v2\/types\/product"}],"replies":[{"embeddable":true,"href":"https:\/\/solucionsolar.cl\/solar\/wp-json\/wp\/v2\/comments?post=647"}],"wp:featuredmedia":[{"embeddable":true,"href":"https:\/\/solucionsolar.cl\/solar\/wp-json\/wp\/v2\/media\/646"}],"wp:attachment":[{"href":"https:\/\/solucionsolar.cl\/solar\/wp-json\/wp\/v2\/media?parent=647"}],"wp:term":[{"taxonomy":"product_brand","embeddable":true,"href":"https:\/\/solucionsolar.cl\/solar\/wp-json\/wp\/v2\/product_brand?post=647"},{"taxonomy":"product_cat","embeddable":true,"href":"https:\/\/solucionsolar.cl\/solar\/wp-json\/wp\/v2\/product_cat?post=647"},{"taxonomy":"product_tag","embeddable":true,"href":"https:\/\/solucionsolar.cl\/solar\/wp-json\/wp\/v2\/product_tag?post=647"}],"curies":[{"name":"wp","href":"https:\/\/api.w.org\/{rel}","templated":true}]}}