{"id":655,"date":"2023-05-13T22:35:00","date_gmt":"2023-05-13T22:35:00","guid":{"rendered":"https:\/\/solucionsolar.cl\/solar\/producto\/extractor-8-redondo-drl\/"},"modified":"2023-05-13T22:35:00","modified_gmt":"2023-05-13T22:35:00","slug":"extractor-8-redondo-drl","status":"publish","type":"product","link":"https:\/\/solucionsolar.cl\/solar\/producto\/extractor-8-redondo-drl\/","title":{"rendered":"Extractor 8&#8243; redondo DRL"},"content":{"rendered":"<p>El Extractor 8&#8243; redondo DRL es un dispositivo de ventilaci\u00f3n de aire que tiene un di\u00e1metro de 8 pulgadas y una forma circular. Su dise\u00f1o permite la extracci\u00f3n de aire en \u00e1reas donde se requiere una buena circulaci\u00f3n de aire y una extracci\u00f3n eficiente.<\/p>\n","protected":false},"excerpt":{"rendered":"<p>El Extractor 8&#8243; redondo DRL es un dispositivo de ventilaci\u00f3n de aire que tiene un di\u00e1metro de 8 pulgadas y una forma circular. Su dise\u00f1o permite la extracci\u00f3n de aire en \u00e1reas donde se requiere una buena circulaci\u00f3n de aire y una extracci\u00f3n eficiente.<\/p>\n","protected":false},"featured_media":654,"comment_status":"open","ping_status":"closed","template":"","meta":{"_joinchat":[]},"product_brand":[],"product_cat":[16,41],"product_tag":[],"class_list":{"0":"post-655","1":"product","2":"type-product","3":"status-publish","4":"has-post-thumbnail","6":"product_cat-electricidad","7":"product_cat-extractores","9":"first","10":"instock","11":"shipping-taxable","12":"purchasable","13":"product-type-simple"},"ams_default_variation_id":0,"ams_product_points_reward":[],"ams_product_discount_percentage":0,"ams_price_to_display":14500,"ams_acf":[],"jetpack_sharing_enabled":true,"_links":{"self":[{"href":"https:\/\/solucionsolar.cl\/solar\/wp-json\/wp\/v2\/product\/655","targetHints":{"allow":["GET"]}}],"collection":[{"href":"https:\/\/solucionsolar.cl\/solar\/wp-json\/wp\/v2\/product"}],"about":[{"href":"https:\/\/solucionsolar.cl\/solar\/wp-json\/wp\/v2\/types\/product"}],"replies":[{"embeddable":true,"href":"https:\/\/solucionsolar.cl\/solar\/wp-json\/wp\/v2\/comments?post=655"}],"wp:featuredmedia":[{"embeddable":true,"href":"https:\/\/solucionsolar.cl\/solar\/wp-json\/wp\/v2\/media\/654"}],"wp:attachment":[{"href":"https:\/\/solucionsolar.cl\/solar\/wp-json\/wp\/v2\/media?parent=655"}],"wp:term":[{"taxonomy":"product_brand","embeddable":true,"href":"https:\/\/solucionsolar.cl\/solar\/wp-json\/wp\/v2\/product_brand?post=655"},{"taxonomy":"product_cat","embeddable":true,"href":"https:\/\/solucionsolar.cl\/solar\/wp-json\/wp\/v2\/product_cat?post=655"},{"taxonomy":"product_tag","embeddable":true,"href":"https:\/\/solucionsolar.cl\/solar\/wp-json\/wp\/v2\/product_tag?post=655"}],"curies":[{"name":"wp","href":"https:\/\/api.w.org\/{rel}","templated":true}]}}