{"id":657,"date":"2023-05-13T22:35:02","date_gmt":"2023-05-13T22:35:02","guid":{"rendered":"https:\/\/solucionsolar.cl\/solar\/producto\/balanza-digital-serie-acs\/"},"modified":"2023-05-13T22:35:02","modified_gmt":"2023-05-13T22:35:02","slug":"balanza-digital-serie-acs","status":"publish","type":"product","link":"https:\/\/solucionsolar.cl\/solar\/producto\/balanza-digital-serie-acs\/","title":{"rendered":"Balanza digital serie ACS"},"content":{"rendered":"<p>La balanza digital serie ACS es un dispositivo de medici\u00f3n electr\u00f3nica de alta precisi\u00f3n, dise\u00f1ado para pesar objetos con un rango de capacidad que va desde los pocos gramos hasta varios kilogramos. Su funcionamiento se basa en la conversi\u00f3n de la fuerza ejercida por el objeto en una se\u00f1al el\u00e9ctrica, la cual es procesada y convertida en una lectura num\u00e9rica precisa que se muestra en una pantalla LCD.<\/p>\n","protected":false},"excerpt":{"rendered":"<p>La balanza digital serie ACS es un dispositivo de medici\u00f3n electr\u00f3nica de alta precisi\u00f3n, dise\u00f1ado para pesar objetos con un rango de capacidad que va desde los pocos gramos hasta varios kilogramos. Su funcionamiento se basa en la conversi\u00f3n de la fuerza ejercida por el objeto en una se\u00f1al el\u00e9ctrica, la cual es procesada y convertida en una lectura num\u00e9rica [&hellip;]<\/p>\n","protected":false},"featured_media":656,"comment_status":"open","ping_status":"closed","template":"","meta":{"_joinchat":[]},"product_brand":[],"product_cat":[16],"product_tag":[],"class_list":{"0":"post-657","1":"product","2":"type-product","3":"status-publish","4":"has-post-thumbnail","6":"product_cat-electricidad","8":"first","9":"instock","10":"shipping-taxable","11":"purchasable","12":"product-type-simple"},"ams_default_variation_id":0,"ams_product_points_reward":[],"ams_product_discount_percentage":0,"ams_price_to_display":34000,"ams_acf":[],"jetpack_sharing_enabled":true,"_links":{"self":[{"href":"https:\/\/solucionsolar.cl\/solar\/wp-json\/wp\/v2\/product\/657","targetHints":{"allow":["GET"]}}],"collection":[{"href":"https:\/\/solucionsolar.cl\/solar\/wp-json\/wp\/v2\/product"}],"about":[{"href":"https:\/\/solucionsolar.cl\/solar\/wp-json\/wp\/v2\/types\/product"}],"replies":[{"embeddable":true,"href":"https:\/\/solucionsolar.cl\/solar\/wp-json\/wp\/v2\/comments?post=657"}],"wp:featuredmedia":[{"embeddable":true,"href":"https:\/\/solucionsolar.cl\/solar\/wp-json\/wp\/v2\/media\/656"}],"wp:attachment":[{"href":"https:\/\/solucionsolar.cl\/solar\/wp-json\/wp\/v2\/media?parent=657"}],"wp:term":[{"taxonomy":"product_brand","embeddable":true,"href":"https:\/\/solucionsolar.cl\/solar\/wp-json\/wp\/v2\/product_brand?post=657"},{"taxonomy":"product_cat","embeddable":true,"href":"https:\/\/solucionsolar.cl\/solar\/wp-json\/wp\/v2\/product_cat?post=657"},{"taxonomy":"product_tag","embeddable":true,"href":"https:\/\/solucionsolar.cl\/solar\/wp-json\/wp\/v2\/product_tag?post=657"}],"curies":[{"name":"wp","href":"https:\/\/api.w.org\/{rel}","templated":true}]}}