{"id":659,"date":"2023-05-13T22:35:07","date_gmt":"2023-05-13T22:35:07","guid":{"rendered":"https:\/\/solucionsolar.cl\/solar\/producto\/timer-analogo-c-reserva-de-marcha-16a-220v-lexo\/"},"modified":"2023-05-13T22:35:07","modified_gmt":"2023-05-13T22:35:07","slug":"timer-analogo-c-reserva-de-marcha-16a-220v-lexo","status":"publish","type":"product","link":"https:\/\/solucionsolar.cl\/solar\/producto\/timer-analogo-c-reserva-de-marcha-16a-220v-lexo\/","title":{"rendered":"Timer an\u00e1logo c\/reserva de marcha 16A 220V LEXO"},"content":{"rendered":"<p>El Timer an\u00e1logo con reserva de marcha de 16A y 220V de la marca LEXO es un dispositivo electr\u00f3nico que permite programar y controlar la conexi\u00f3n y desconexi\u00f3n autom\u00e1tica de equipos el\u00e9ctricos. Tiene una capacidad de carga m\u00e1xima de 16 amperios y una tensi\u00f3n nominal de 220 voltios.<\/p>\n","protected":false},"excerpt":{"rendered":"<p>El Timer an\u00e1logo con reserva de marcha de 16A y 220V de la marca LEXO es un dispositivo electr\u00f3nico que permite programar y controlar la conexi\u00f3n y desconexi\u00f3n autom\u00e1tica de equipos el\u00e9ctricos. Tiene una capacidad de carga m\u00e1xima de 16 amperios y una tensi\u00f3n nominal de 220 voltios.<\/p>\n","protected":false},"featured_media":658,"comment_status":"open","ping_status":"closed","template":"","meta":{"_joinchat":[]},"product_brand":[],"product_cat":[16],"product_tag":[],"class_list":{"0":"post-659","1":"product","2":"type-product","3":"status-publish","4":"has-post-thumbnail","6":"product_cat-electricidad","8":"first","9":"instock","10":"shipping-taxable","11":"purchasable","12":"product-type-simple"},"ams_default_variation_id":0,"ams_product_points_reward":[],"ams_product_discount_percentage":0,"ams_price_to_display":18500,"ams_acf":[],"jetpack_sharing_enabled":true,"_links":{"self":[{"href":"https:\/\/solucionsolar.cl\/solar\/wp-json\/wp\/v2\/product\/659","targetHints":{"allow":["GET"]}}],"collection":[{"href":"https:\/\/solucionsolar.cl\/solar\/wp-json\/wp\/v2\/product"}],"about":[{"href":"https:\/\/solucionsolar.cl\/solar\/wp-json\/wp\/v2\/types\/product"}],"replies":[{"embeddable":true,"href":"https:\/\/solucionsolar.cl\/solar\/wp-json\/wp\/v2\/comments?post=659"}],"wp:featuredmedia":[{"embeddable":true,"href":"https:\/\/solucionsolar.cl\/solar\/wp-json\/wp\/v2\/media\/658"}],"wp:attachment":[{"href":"https:\/\/solucionsolar.cl\/solar\/wp-json\/wp\/v2\/media?parent=659"}],"wp:term":[{"taxonomy":"product_brand","embeddable":true,"href":"https:\/\/solucionsolar.cl\/solar\/wp-json\/wp\/v2\/product_brand?post=659"},{"taxonomy":"product_cat","embeddable":true,"href":"https:\/\/solucionsolar.cl\/solar\/wp-json\/wp\/v2\/product_cat?post=659"},{"taxonomy":"product_tag","embeddable":true,"href":"https:\/\/solucionsolar.cl\/solar\/wp-json\/wp\/v2\/product_tag?post=659"}],"curies":[{"name":"wp","href":"https:\/\/api.w.org\/{rel}","templated":true}]}}