{"id":663,"date":"2023-05-13T22:35:13","date_gmt":"2023-05-13T22:35:13","guid":{"rendered":"https:\/\/solucionsolar.cl\/solar\/producto\/control-remoto-p-600-800-4-canales-veloti\/"},"modified":"2023-05-13T22:35:13","modified_gmt":"2023-05-13T22:35:13","slug":"control-remoto-p-600-800-4-canales-veloti","status":"publish","type":"product","link":"https:\/\/solucionsolar.cl\/solar\/producto\/control-remoto-p-600-800-4-canales-veloti\/","title":{"rendered":"Control remoto P\/600-800 4 canales VELOTI"},"content":{"rendered":"<p>El control remoto P\/600-800 de 4 canales VELOTI es un dispositivo inal\u00e1mbrico que permite controlar hasta cuatro aparatos electr\u00f3nicos a distancia. Utiliza tecnolog\u00eda de radiofrecuencia para enviar se\u00f1ales a los dispositivos receptores y funciona en un rango de hasta 50 metros en condiciones \u00f3ptimas.<\/p>\n","protected":false},"excerpt":{"rendered":"<p>El control remoto P\/600-800 de 4 canales VELOTI es un dispositivo inal\u00e1mbrico que permite controlar hasta cuatro aparatos electr\u00f3nicos a distancia. Utiliza tecnolog\u00eda de radiofrecuencia para enviar se\u00f1ales a los dispositivos receptores y funciona en un rango de hasta 50 metros en condiciones \u00f3ptimas.<\/p>\n","protected":false},"featured_media":662,"comment_status":"open","ping_status":"closed","template":"","meta":{"_joinchat":[]},"product_brand":[],"product_cat":[16],"product_tag":[],"class_list":{"0":"post-663","1":"product","2":"type-product","3":"status-publish","4":"has-post-thumbnail","6":"product_cat-electricidad","8":"first","9":"instock","10":"shipping-taxable","11":"purchasable","12":"product-type-simple"},"ams_default_variation_id":0,"ams_product_points_reward":[],"ams_product_discount_percentage":0,"ams_price_to_display":11500,"ams_acf":[],"jetpack_sharing_enabled":true,"_links":{"self":[{"href":"https:\/\/solucionsolar.cl\/solar\/wp-json\/wp\/v2\/product\/663","targetHints":{"allow":["GET"]}}],"collection":[{"href":"https:\/\/solucionsolar.cl\/solar\/wp-json\/wp\/v2\/product"}],"about":[{"href":"https:\/\/solucionsolar.cl\/solar\/wp-json\/wp\/v2\/types\/product"}],"replies":[{"embeddable":true,"href":"https:\/\/solucionsolar.cl\/solar\/wp-json\/wp\/v2\/comments?post=663"}],"wp:featuredmedia":[{"embeddable":true,"href":"https:\/\/solucionsolar.cl\/solar\/wp-json\/wp\/v2\/media\/662"}],"wp:attachment":[{"href":"https:\/\/solucionsolar.cl\/solar\/wp-json\/wp\/v2\/media?parent=663"}],"wp:term":[{"taxonomy":"product_brand","embeddable":true,"href":"https:\/\/solucionsolar.cl\/solar\/wp-json\/wp\/v2\/product_brand?post=663"},{"taxonomy":"product_cat","embeddable":true,"href":"https:\/\/solucionsolar.cl\/solar\/wp-json\/wp\/v2\/product_cat?post=663"},{"taxonomy":"product_tag","embeddable":true,"href":"https:\/\/solucionsolar.cl\/solar\/wp-json\/wp\/v2\/product_tag?post=663"}],"curies":[{"name":"wp","href":"https:\/\/api.w.org\/{rel}","templated":true}]}}