{"id":667,"date":"2023-05-13T22:35:18","date_gmt":"2023-05-13T22:35:18","guid":{"rendered":"https:\/\/solucionsolar.cl\/solar\/producto\/medidor-electronico-monofasico-10-60a-st12-clase1-certificado-lexo\/"},"modified":"2023-05-13T22:35:18","modified_gmt":"2023-05-13T22:35:18","slug":"medidor-electronico-monofasico-10-60a-st12-clase1-certificado-lexo","status":"publish","type":"product","link":"https:\/\/solucionsolar.cl\/solar\/producto\/medidor-electronico-monofasico-10-60a-st12-clase1-certificado-lexo\/","title":{"rendered":"Medidor electr\u00f3nico monof\u00e1sico 10\/60A ST12 Clase1 Certificado LEXO"},"content":{"rendered":"<p>El medidor electr\u00f3nico monof\u00e1sico 10\/60A ST12 Clase1 Certificado LEXO es un dispositivo de medici\u00f3n de energ\u00eda el\u00e9ctrica dise\u00f1ado para medir la energ\u00eda consumida en un sistema el\u00e9ctrico monof\u00e1sico con corrientes de hasta 60A.<\/p>\n","protected":false},"excerpt":{"rendered":"<p>El medidor electr\u00f3nico monof\u00e1sico 10\/60A ST12 Clase1 Certificado LEXO es un dispositivo de medici\u00f3n de energ\u00eda el\u00e9ctrica dise\u00f1ado para medir la energ\u00eda consumida en un sistema el\u00e9ctrico monof\u00e1sico con corrientes de hasta 60A.<\/p>\n","protected":false},"featured_media":666,"comment_status":"open","ping_status":"closed","template":"","meta":{"_joinchat":[]},"product_brand":[],"product_cat":[26,43],"product_tag":[],"class_list":{"0":"post-667","1":"product","2":"type-product","3":"status-publish","4":"has-post-thumbnail","6":"product_cat-empalmes","7":"product_cat-medidores","9":"first","10":"instock","11":"shipping-taxable","12":"purchasable","13":"product-type-simple"},"ams_default_variation_id":0,"ams_product_points_reward":[],"ams_product_discount_percentage":0,"ams_price_to_display":17000,"ams_acf":[],"jetpack_sharing_enabled":true,"_links":{"self":[{"href":"https:\/\/solucionsolar.cl\/solar\/wp-json\/wp\/v2\/product\/667","targetHints":{"allow":["GET"]}}],"collection":[{"href":"https:\/\/solucionsolar.cl\/solar\/wp-json\/wp\/v2\/product"}],"about":[{"href":"https:\/\/solucionsolar.cl\/solar\/wp-json\/wp\/v2\/types\/product"}],"replies":[{"embeddable":true,"href":"https:\/\/solucionsolar.cl\/solar\/wp-json\/wp\/v2\/comments?post=667"}],"wp:featuredmedia":[{"embeddable":true,"href":"https:\/\/solucionsolar.cl\/solar\/wp-json\/wp\/v2\/media\/666"}],"wp:attachment":[{"href":"https:\/\/solucionsolar.cl\/solar\/wp-json\/wp\/v2\/media?parent=667"}],"wp:term":[{"taxonomy":"product_brand","embeddable":true,"href":"https:\/\/solucionsolar.cl\/solar\/wp-json\/wp\/v2\/product_brand?post=667"},{"taxonomy":"product_cat","embeddable":true,"href":"https:\/\/solucionsolar.cl\/solar\/wp-json\/wp\/v2\/product_cat?post=667"},{"taxonomy":"product_tag","embeddable":true,"href":"https:\/\/solucionsolar.cl\/solar\/wp-json\/wp\/v2\/product_tag?post=667"}],"curies":[{"name":"wp","href":"https:\/\/api.w.org\/{rel}","templated":true}]}}