{"id":669,"date":"2023-05-13T22:35:22","date_gmt":"2023-05-13T22:35:22","guid":{"rendered":"https:\/\/solucionsolar.cl\/solar\/producto\/automatico-1x20a-6k-c-lexo\/"},"modified":"2023-05-13T22:35:22","modified_gmt":"2023-05-13T22:35:22","slug":"automatico-1x20a-6k-c-lexo","status":"publish","type":"product","link":"https:\/\/solucionsolar.cl\/solar\/producto\/automatico-1x20a-6k-c-lexo\/","title":{"rendered":"Autom\u00e1tico 1x20A 6K C LEXO"},"content":{"rendered":"<p>Autom\u00e1tico 1x20A 6K C LEXO es un dispositivo de protecci\u00f3n el\u00e9ctrica que funciona como un interruptor autom\u00e1tico de un solo polo y capacidad de ruptura de 6 kiloamperios. Su corriente nominal es de 20 amperios y cuenta con un mecanismo de disparo magn\u00e9tico y t\u00e9rmico, lo que significa que se activar\u00e1 autom\u00e1ticamente en caso de sobrecarga o cortocircuito en el circuito el\u00e9ctrico.<\/p>\n","protected":false},"excerpt":{"rendered":"<p>Autom\u00e1tico 1x20A 6K C LEXO es un dispositivo de protecci\u00f3n el\u00e9ctrica que funciona como un interruptor autom\u00e1tico de un solo polo y capacidad de ruptura de 6 kiloamperios. Su corriente nominal es de 20 amperios y cuenta con un mecanismo de disparo magn\u00e9tico y t\u00e9rmico, lo que significa que se activar\u00e1 autom\u00e1ticamente en caso de sobrecarga o cortocircuito en el [&hellip;]<\/p>\n","protected":false},"featured_media":668,"comment_status":"open","ping_status":"closed","template":"","meta":{"_joinchat":[]},"product_brand":[],"product_cat":[39,16],"product_tag":[],"class_list":{"0":"post-669","1":"product","2":"type-product","3":"status-publish","4":"has-post-thumbnail","6":"product_cat-automaticos","7":"product_cat-electricidad","9":"first","10":"instock","11":"shipping-taxable","12":"purchasable","13":"product-type-simple"},"ams_default_variation_id":0,"ams_product_points_reward":[],"ams_product_discount_percentage":0,"ams_price_to_display":2100,"ams_acf":[],"jetpack_sharing_enabled":true,"_links":{"self":[{"href":"https:\/\/solucionsolar.cl\/solar\/wp-json\/wp\/v2\/product\/669","targetHints":{"allow":["GET"]}}],"collection":[{"href":"https:\/\/solucionsolar.cl\/solar\/wp-json\/wp\/v2\/product"}],"about":[{"href":"https:\/\/solucionsolar.cl\/solar\/wp-json\/wp\/v2\/types\/product"}],"replies":[{"embeddable":true,"href":"https:\/\/solucionsolar.cl\/solar\/wp-json\/wp\/v2\/comments?post=669"}],"wp:featuredmedia":[{"embeddable":true,"href":"https:\/\/solucionsolar.cl\/solar\/wp-json\/wp\/v2\/media\/668"}],"wp:attachment":[{"href":"https:\/\/solucionsolar.cl\/solar\/wp-json\/wp\/v2\/media?parent=669"}],"wp:term":[{"taxonomy":"product_brand","embeddable":true,"href":"https:\/\/solucionsolar.cl\/solar\/wp-json\/wp\/v2\/product_brand?post=669"},{"taxonomy":"product_cat","embeddable":true,"href":"https:\/\/solucionsolar.cl\/solar\/wp-json\/wp\/v2\/product_cat?post=669"},{"taxonomy":"product_tag","embeddable":true,"href":"https:\/\/solucionsolar.cl\/solar\/wp-json\/wp\/v2\/product_tag?post=669"}],"curies":[{"name":"wp","href":"https:\/\/api.w.org\/{rel}","templated":true}]}}