{"id":675,"date":"2023-05-13T22:35:28","date_gmt":"2023-05-13T22:35:28","guid":{"rendered":"https:\/\/solucionsolar.cl\/solar\/producto\/caja-distribucion-corriente-negra\/"},"modified":"2023-05-13T22:35:28","modified_gmt":"2023-05-13T22:35:28","slug":"caja-distribucion-corriente-negra","status":"publish","type":"product","link":"https:\/\/solucionsolar.cl\/solar\/producto\/caja-distribucion-corriente-negra\/","title":{"rendered":"Caja distribuci\u00f3n corriente negra"},"content":{"rendered":"<p>utilizado para distribuir y controlar la energ\u00eda el\u00e9ctrica en un circuito. Generalmente est\u00e1 compuesta por una carcasa de pl\u00e1stico resistente que contiene varios terminales de conexi\u00f3n para cables el\u00e9ctricos.<\/p>\n","protected":false},"excerpt":{"rendered":"<p>utilizado para distribuir y controlar la energ\u00eda el\u00e9ctrica en un circuito. Generalmente est\u00e1 compuesta por una carcasa de pl\u00e1stico resistente que contiene varios terminales de conexi\u00f3n para cables el\u00e9ctricos.<\/p>\n","protected":false},"featured_media":674,"comment_status":"open","ping_status":"closed","template":"","meta":{"_joinchat":[]},"product_brand":[],"product_cat":[16],"product_tag":[],"class_list":{"0":"post-675","1":"product","2":"type-product","3":"status-publish","4":"has-post-thumbnail","6":"product_cat-electricidad","8":"first","9":"instock","10":"shipping-taxable","11":"purchasable","12":"product-type-simple"},"ams_default_variation_id":0,"ams_product_points_reward":[],"ams_product_discount_percentage":0,"ams_price_to_display":350,"ams_acf":[],"jetpack_sharing_enabled":true,"_links":{"self":[{"href":"https:\/\/solucionsolar.cl\/solar\/wp-json\/wp\/v2\/product\/675","targetHints":{"allow":["GET"]}}],"collection":[{"href":"https:\/\/solucionsolar.cl\/solar\/wp-json\/wp\/v2\/product"}],"about":[{"href":"https:\/\/solucionsolar.cl\/solar\/wp-json\/wp\/v2\/types\/product"}],"replies":[{"embeddable":true,"href":"https:\/\/solucionsolar.cl\/solar\/wp-json\/wp\/v2\/comments?post=675"}],"wp:featuredmedia":[{"embeddable":true,"href":"https:\/\/solucionsolar.cl\/solar\/wp-json\/wp\/v2\/media\/674"}],"wp:attachment":[{"href":"https:\/\/solucionsolar.cl\/solar\/wp-json\/wp\/v2\/media?parent=675"}],"wp:term":[{"taxonomy":"product_brand","embeddable":true,"href":"https:\/\/solucionsolar.cl\/solar\/wp-json\/wp\/v2\/product_brand?post=675"},{"taxonomy":"product_cat","embeddable":true,"href":"https:\/\/solucionsolar.cl\/solar\/wp-json\/wp\/v2\/product_cat?post=675"},{"taxonomy":"product_tag","embeddable":true,"href":"https:\/\/solucionsolar.cl\/solar\/wp-json\/wp\/v2\/product_tag?post=675"}],"curies":[{"name":"wp","href":"https:\/\/api.w.org\/{rel}","templated":true}]}}